{"id":12,"date":"2023-02-16T12:06:36","date_gmt":"2023-02-16T11:06:36","guid":{"rendered":"https:\/\/associata-ev.de\/?page_id=12"},"modified":"2024-07-29T20:16:11","modified_gmt":"2024-07-29T18:16:11","slug":"assistenzhunde","status":"publish","type":"page","link":"https:\/\/associata-ev.de\/verein\/assistenzhunde\/","title":{"rendered":"Assistenzhund"},"content":{"rendered":"<ul>\n<li style=\"list-style-type: none;\">\n<h5>Jeder Hund ist:<\/h5>\n<\/li>\n<\/ul>\n<ul>\n<li><strong>Br\u00fcckenbauer<\/strong><\/li>\n<\/ul>\n<ul>\n<li><strong>Seelentr\u00f6ster<\/strong><\/li>\n<\/ul>\n<ul>\n<li><strong>Wegbegleiter<\/strong><\/li>\n<\/ul>\n<ul>\n<li><strong>Partner und Freund<\/strong><\/li>\n<\/ul>\n<ul>\n<li><strong>Helfer<\/strong><\/li>\n<\/ul>\n<ul>\n<li><strong>Zuh\u00f6rer<\/strong><\/li>\n<\/ul>\n<ul>\n<li><strong>T\u00fcr\u00f6ffner<\/strong><\/li>\n<\/ul>\n<ul>\n<li><strong>Team-Player<\/strong><\/li>\n<\/ul>\n\n\n<div class=\"wp-block-columns is-layout-flex wp-container-core-columns-is-layout-9d6595d7 wp-block-columns-is-layout-flex\">\n<div class=\"wp-block-column is-layout-flow wp-block-column-is-layout-flow\">\n<div style=\"text-align: justify;\">\n<p><strong>das alles ist ein Assistenzhund \u2013AUCH<\/strong><\/p>\n<ul>Aber erst konkrete, individuell auf SEINEN Menschen abgestimmte Assistenzaufgaben machen ihn zum Assistenzhund. Der Assistenzhund gleicht durch seine erlernten Aufgaben verlorene und\/oder ausgefallene Sinnes- und\/oder K\u00f6rperfunktionen konkret und individuell f\u00fcr einen Menschen mit Beeintr\u00e4chtigung aus.<\/ul>\n<ul>Assistenzhunde sind f\u00fcr viele Betroffene der von ihnen gew\u00e4hlte Weg zur selbstbestimmten sozialen Teilhabe \u2013 und zwar unabh\u00e4ngig von zeitlich gebundener und nicht immer verf\u00fcgbarer menschlicher Assistenz.<\/ul>\n<ul>Auch die UN-BRK (UN-Behindertenrechtskonvention) stellt in ihren Art. 9 und 10 Assistenz durch Tiere gleichberechtigt neben menschliche Assistenz.<\/ul>\n<ul>Associata e.V. setzt sich seit der Vereinsgr\u00fcndung f\u00fcr die Rechte von Menschen ein, die f\u00fcr eine selbstbestimmte soziale Teilhabe die Unterst\u00fctzung durch einen Assistenzhund w\u00fcnschen und ben\u00f6tigen. Denn Mobilit\u00e4t ist die Grundvoraussetzung f\u00fcr eine gleichberechtigte und umfassende Teilhabe am gesellschaftlichen Leben: Mittendrin dabei sein \u2013 das nennen wir Inklusion.<\/ul>\n<ul>Der Verein hat seine Kompetenz sowohl in die Gesetzgebung zum Teilhabest\u00e4rkungsgesetz und den darin eingebundenen gesetzlichen Regelungen zum Assistenzhund als auch zur umfassenden Assistenzhunde-Verordnung (AHundV) eingebracht.<\/ul>\n<\/div>\n\n\n\n<div class=\"wp-block-columns is-layout-flex wp-container-core-columns-is-layout-9d6595d7 wp-block-columns-is-layout-flex\">\n<div class=\"wp-block-column is-layout-flow wp-block-column-is-layout-flow\" style=\"flex-basis:66.66%\"><\/div>\n\n\n\n<div class=\"wp-block-column is-layout-flow wp-block-column-is-layout-flow\" style=\"flex-basis:33.33%\">\n<style>\n        .hidden {\n            display: none;\n        }\n        .arrow {\n            cursor: pointer;\n            text-align: center;\n            font-size: 2rem;\n        }\n    <\/style>\n    <script>\n        function toggleGallery() {\n            var gallery = document.getElementById('gallery');\n            if (gallery.classList.contains('hidden')) {\n                gallery.classList.remove('hidden');\n            } else {\n                gallery.classList.add('hidden');\n            }\n        }\n    <\/script>\n<\/head>\n<body>\n    <img decoding=\"async\" style=\"width: 300px; height: auto;\" src=\"https:\/\/associata-ev.de\/wp-content\/uploads\/2024\/07\/A-2-scaled.jpg\" \/>\n    <div class=\"arrow\" onclick=\"toggleGallery()\">\u2b07\ufe0f<\/div>\n    <div id=\"gallery\" class=\"hidden\">\n        <img decoding=\"async\" style=\"width: 300px; height: auto;\" src=\"https:\/\/associata-ev.de\/wp-content\/uploads\/2024\/07\/A-4.jpg\" \/>\n        <img decoding=\"async\" style=\"width: 300px; height: auto;\" src=\"https:\/\/associata-ev.de\/wp-content\/uploads\/2024\/07\/A-3-scaled.jpg\" \/>\n       \n        <img decoding=\"async\" style=\"width: 300px; height: auto;\" src=\"https:\/\/associata-ev.de\/wp-content\/uploads\/2024\/07\/A-1.jpg\" \/>\n    <\/div>\n<\/body>\n<\/div>\n<\/div>\n<\/div>\n<\/div>\n","protected":false},"excerpt":{"rendered":"<p>Jeder Hund ist: Br\u00fcckenbauer Seelentr\u00f6ster Wegbegleiter Partner und Freund Helfer Zuh\u00f6rer T\u00fcr\u00f6ffner Team-Player das alles ist ein Assistenzhund \u2013AUCH Aber erst konkrete, individuell auf SEINEN Menschen abgestimmte Assistenzaufgaben machen ihn zum Assistenzhund. Der Assistenzhund gleicht durch seine erlernten Aufgaben verlorene und\/oder ausgefallene Sinnes- und\/oder K\u00f6rperfunktionen konkret und individuell f\u00fcr einen Menschen mit Beeintr\u00e4chtigung aus. Assistenzhunde sind f\u00fcr viele Betroffene der von ihnen gew\u00e4hlte Weg zur selbstbestimmten sozialen Teilhabe \u2013 und zwar unabh\u00e4ngig von zeitlich gebundener und nicht immer verf\u00fcgbarer menschlicher Assistenz. Auch die UN-BRK (UN-Behindertenrechtskonvention) stellt in ihren Art. 9 und 10 Assistenz durch Tiere gleichberechtigt neben menschliche Assistenz. Associata e.V. setzt sich seit der Vereinsgr\u00fcndung f\u00fcr die Rechte von Menschen ein, die f\u00fcr eine selbstbestimmte soziale Teilhabe die Unterst\u00fctzung durch einen Assistenzhund w\u00fcnschen und ben\u00f6tigen. Denn Mobilit\u00e4t ist die Grundvoraussetzung f\u00fcr eine gleichberechtigte und umfassende Teilhabe am gesellschaftlichen Leben: Mittendrin dabei sein \u2013 das nennen wir Inklusion. Der Verein hat seine Kompetenz sowohl in die Gesetzgebung zum Teilhabest\u00e4rkungsgesetz und den darin eingebundenen gesetzlichen Regelungen zum Assistenzhund als auch zur umfassenden Assistenzhunde-Verordnung (AHundV) eingebracht. \u2b07\ufe0f<\/p>\n","protected":false},"author":1,"featured_media":0,"parent":0,"menu_order":0,"comment_status":"closed","ping_status":"closed","template":"","meta":{"_acf_changed":false,"footnotes":""},"class_list":["post-12","page","type-page","status-publish","hentry"],"acf":[],"yoast_head":"<!-- This site is optimized with the Yoast SEO plugin v26.9 - https:\/\/yoast.com\/product\/yoast-seo-wordpress\/ -->\n<title>Assistenzhund - Associata-e.V.<\/title>\n<meta name=\"description\" content=\"Associata-e.V. Assistenzhund\" \/>\n<meta name=\"robots\" content=\"index, follow, max-snippet:-1, max-image-preview:large, max-video-preview:-1\" \/>\n<link rel=\"canonical\" href=\"https:\/\/associata-ev.de\/verein\/assistenzhunde\/\" \/>\n<meta property=\"og:locale\" content=\"de_DE\" \/>\n<meta property=\"og:type\" content=\"article\" \/>\n<meta property=\"og:title\" content=\"Assistenzhund - Associata-e.V.\" \/>\n<meta property=\"og:description\" content=\"Associata-e.V. Assistenzhund\" \/>\n<meta property=\"og:url\" content=\"https:\/\/associata-ev.de\/verein\/assistenzhunde\/\" \/>\n<meta property=\"og:site_name\" content=\"Associata-e.V.\" \/>\n<meta property=\"article:modified_time\" content=\"2024-07-29T18:16:11+00:00\" \/>\n<meta property=\"og:image\" content=\"https:\/\/associata-ev.de\/wp-content\/uploads\/2024\/07\/A-2-scaled.jpg\" \/>\n<meta name=\"twitter:card\" content=\"summary_large_image\" \/>\n<meta name=\"twitter:label1\" content=\"Gesch\u00e4tzte Lesezeit\" \/>\n\t<meta name=\"twitter:data1\" content=\"2\u00a0Minuten\" \/>\n<script type=\"application\/ld+json\" class=\"yoast-schema-graph\">{\"@context\":\"https:\/\/schema.org\",\"@graph\":[{\"@type\":[\"Article\",\"BlogPosting\"],\"@id\":\"https:\/\/associata-ev.de\/verein\/assistenzhunde\/#article\",\"isPartOf\":{\"@id\":\"https:\/\/associata-ev.de\/verein\/assistenzhunde\/\"},\"author\":{\"name\":\"ReneKnopp\",\"@id\":\"https:\/\/associata-ev.de\/verein\/#\/schema\/person\/e73782c4f0cecc6663b33b456118525f\"},\"headline\":\"Assistenzhund\",\"datePublished\":\"2023-02-16T11:06:36+00:00\",\"dateModified\":\"2024-07-29T18:16:11+00:00\",\"mainEntityOfPage\":{\"@id\":\"https:\/\/associata-ev.de\/verein\/assistenzhunde\/\"},\"wordCount\":195,\"publisher\":{\"@id\":\"https:\/\/associata-ev.de\/verein\/#organization\"},\"image\":{\"@id\":\"https:\/\/associata-ev.de\/verein\/assistenzhunde\/#primaryimage\"},\"thumbnailUrl\":\"https:\/\/associata-ev.de\/wp-content\/uploads\/2024\/07\/A-2-scaled.jpg\",\"inLanguage\":\"de\"},{\"@type\":\"WebPage\",\"@id\":\"https:\/\/associata-ev.de\/verein\/assistenzhunde\/\",\"url\":\"https:\/\/associata-ev.de\/verein\/assistenzhunde\/\",\"name\":\"Assistenzhund - Associata-e.V.\",\"isPartOf\":{\"@id\":\"https:\/\/associata-ev.de\/verein\/#website\"},\"primaryImageOfPage\":{\"@id\":\"https:\/\/associata-ev.de\/verein\/assistenzhunde\/#primaryimage\"},\"image\":{\"@id\":\"https:\/\/associata-ev.de\/verein\/assistenzhunde\/#primaryimage\"},\"thumbnailUrl\":\"https:\/\/associata-ev.de\/wp-content\/uploads\/2024\/07\/A-2-scaled.jpg\",\"datePublished\":\"2023-02-16T11:06:36+00:00\",\"dateModified\":\"2024-07-29T18:16:11+00:00\",\"description\":\"Associata-e.V. Assistenzhund\",\"breadcrumb\":{\"@id\":\"https:\/\/associata-ev.de\/verein\/assistenzhunde\/#breadcrumb\"},\"inLanguage\":\"de\",\"potentialAction\":[{\"@type\":\"ReadAction\",\"target\":[\"https:\/\/associata-ev.de\/verein\/assistenzhunde\/\"]}]},{\"@type\":\"ImageObject\",\"inLanguage\":\"de\",\"@id\":\"https:\/\/associata-ev.de\/verein\/assistenzhunde\/#primaryimage\",\"url\":\"https:\/\/associata-ev.de\/wp-content\/uploads\/2024\/07\/A-2-scaled.jpg\",\"contentUrl\":\"https:\/\/associata-ev.de\/wp-content\/uploads\/2024\/07\/A-2-scaled.jpg\"},{\"@type\":\"BreadcrumbList\",\"@id\":\"https:\/\/associata-ev.de\/verein\/assistenzhunde\/#breadcrumb\",\"itemListElement\":[{\"@type\":\"ListItem\",\"position\":1,\"name\":\"Verein\",\"item\":\"https:\/\/associata-ev.de\/verein\/\"},{\"@type\":\"ListItem\",\"position\":2,\"name\":\"Assistenzhund\"}]},{\"@type\":\"WebSite\",\"@id\":\"https:\/\/associata-ev.de\/verein\/#website\",\"url\":\"https:\/\/associata-ev.de\/verein\/\",\"name\":\"Associata-e.V.\",\"description\":\"\",\"publisher\":{\"@id\":\"https:\/\/associata-ev.de\/verein\/#organization\"},\"potentialAction\":[{\"@type\":\"SearchAction\",\"target\":{\"@type\":\"EntryPoint\",\"urlTemplate\":\"https:\/\/associata-ev.de\/verein\/?s={search_term_string}\"},\"query-input\":{\"@type\":\"PropertyValueSpecification\",\"valueRequired\":true,\"valueName\":\"search_term_string\"}}],\"inLanguage\":\"de\"},{\"@type\":\"Organization\",\"@id\":\"https:\/\/associata-ev.de\/verein\/#organization\",\"name\":\"Associata e.V.\",\"url\":\"https:\/\/associata-ev.de\/verein\/\",\"logo\":{\"@type\":\"ImageObject\",\"inLanguage\":\"de\",\"@id\":\"https:\/\/associata-ev.de\/verein\/#\/schema\/logo\/image\/\",\"url\":\"https:\/\/associata-ev.de\/wp-content\/uploads\/2023\/03\/IMG-20230312-WA0021-2.png\",\"contentUrl\":\"https:\/\/associata-ev.de\/wp-content\/uploads\/2023\/03\/IMG-20230312-WA0021-2.png\",\"width\":1200,\"height\":297,\"caption\":\"Associata e.V.\"},\"image\":{\"@id\":\"https:\/\/associata-ev.de\/verein\/#\/schema\/logo\/image\/\"}},{\"@type\":\"Person\",\"@id\":\"https:\/\/associata-ev.de\/verein\/#\/schema\/person\/e73782c4f0cecc6663b33b456118525f\",\"name\":\"ReneKnopp\",\"image\":{\"@type\":\"ImageObject\",\"inLanguage\":\"de\",\"@id\":\"https:\/\/associata-ev.de\/verein\/#\/schema\/person\/image\/\",\"url\":\"https:\/\/secure.gravatar.com\/avatar\/79a2e70279472c96f215f3e85d1f1152ef5abd1cbb4778b50af4e74cf37c6ea1?s=96&d=mm&r=g\",\"contentUrl\":\"https:\/\/secure.gravatar.com\/avatar\/79a2e70279472c96f215f3e85d1f1152ef5abd1cbb4778b50af4e74cf37c6ea1?s=96&d=mm&r=g\",\"caption\":\"ReneKnopp\"},\"sameAs\":[\"https:\/\/associata-ev.de\"],\"url\":\"https:\/\/associata-ev.de\/verein\/author\/reneknopp\/\"}]}<\/script>\n<!-- \/ Yoast SEO plugin. -->","yoast_head_json":{"title":"Assistenzhund - Associata-e.V.","description":"Associata-e.V. Assistenzhund","robots":{"index":"index","follow":"follow","max-snippet":"max-snippet:-1","max-image-preview":"max-image-preview:large","max-video-preview":"max-video-preview:-1"},"canonical":"https:\/\/associata-ev.de\/verein\/assistenzhunde\/","og_locale":"de_DE","og_type":"article","og_title":"Assistenzhund - Associata-e.V.","og_description":"Associata-e.V. Assistenzhund","og_url":"https:\/\/associata-ev.de\/verein\/assistenzhunde\/","og_site_name":"Associata-e.V.","article_modified_time":"2024-07-29T18:16:11+00:00","og_image":[{"url":"https:\/\/associata-ev.de\/wp-content\/uploads\/2024\/07\/A-2-scaled.jpg","type":"","width":"","height":""}],"twitter_card":"summary_large_image","twitter_misc":{"Gesch\u00e4tzte Lesezeit":"2\u00a0Minuten"},"schema":{"@context":"https:\/\/schema.org","@graph":[{"@type":["Article","BlogPosting"],"@id":"https:\/\/associata-ev.de\/verein\/assistenzhunde\/#article","isPartOf":{"@id":"https:\/\/associata-ev.de\/verein\/assistenzhunde\/"},"author":{"name":"ReneKnopp","@id":"https:\/\/associata-ev.de\/verein\/#\/schema\/person\/e73782c4f0cecc6663b33b456118525f"},"headline":"Assistenzhund","datePublished":"2023-02-16T11:06:36+00:00","dateModified":"2024-07-29T18:16:11+00:00","mainEntityOfPage":{"@id":"https:\/\/associata-ev.de\/verein\/assistenzhunde\/"},"wordCount":195,"publisher":{"@id":"https:\/\/associata-ev.de\/verein\/#organization"},"image":{"@id":"https:\/\/associata-ev.de\/verein\/assistenzhunde\/#primaryimage"},"thumbnailUrl":"https:\/\/associata-ev.de\/wp-content\/uploads\/2024\/07\/A-2-scaled.jpg","inLanguage":"de"},{"@type":"WebPage","@id":"https:\/\/associata-ev.de\/verein\/assistenzhunde\/","url":"https:\/\/associata-ev.de\/verein\/assistenzhunde\/","name":"Assistenzhund - Associata-e.V.","isPartOf":{"@id":"https:\/\/associata-ev.de\/verein\/#website"},"primaryImageOfPage":{"@id":"https:\/\/associata-ev.de\/verein\/assistenzhunde\/#primaryimage"},"image":{"@id":"https:\/\/associata-ev.de\/verein\/assistenzhunde\/#primaryimage"},"thumbnailUrl":"https:\/\/associata-ev.de\/wp-content\/uploads\/2024\/07\/A-2-scaled.jpg","datePublished":"2023-02-16T11:06:36+00:00","dateModified":"2024-07-29T18:16:11+00:00","description":"Associata-e.V. Assistenzhund","breadcrumb":{"@id":"https:\/\/associata-ev.de\/verein\/assistenzhunde\/#breadcrumb"},"inLanguage":"de","potentialAction":[{"@type":"ReadAction","target":["https:\/\/associata-ev.de\/verein\/assistenzhunde\/"]}]},{"@type":"ImageObject","inLanguage":"de","@id":"https:\/\/associata-ev.de\/verein\/assistenzhunde\/#primaryimage","url":"https:\/\/associata-ev.de\/wp-content\/uploads\/2024\/07\/A-2-scaled.jpg","contentUrl":"https:\/\/associata-ev.de\/wp-content\/uploads\/2024\/07\/A-2-scaled.jpg"},{"@type":"BreadcrumbList","@id":"https:\/\/associata-ev.de\/verein\/assistenzhunde\/#breadcrumb","itemListElement":[{"@type":"ListItem","position":1,"name":"Verein","item":"https:\/\/associata-ev.de\/verein\/"},{"@type":"ListItem","position":2,"name":"Assistenzhund"}]},{"@type":"WebSite","@id":"https:\/\/associata-ev.de\/verein\/#website","url":"https:\/\/associata-ev.de\/verein\/","name":"Associata-e.V.","description":"","publisher":{"@id":"https:\/\/associata-ev.de\/verein\/#organization"},"potentialAction":[{"@type":"SearchAction","target":{"@type":"EntryPoint","urlTemplate":"https:\/\/associata-ev.de\/verein\/?s={search_term_string}"},"query-input":{"@type":"PropertyValueSpecification","valueRequired":true,"valueName":"search_term_string"}}],"inLanguage":"de"},{"@type":"Organization","@id":"https:\/\/associata-ev.de\/verein\/#organization","name":"Associata e.V.","url":"https:\/\/associata-ev.de\/verein\/","logo":{"@type":"ImageObject","inLanguage":"de","@id":"https:\/\/associata-ev.de\/verein\/#\/schema\/logo\/image\/","url":"https:\/\/associata-ev.de\/wp-content\/uploads\/2023\/03\/IMG-20230312-WA0021-2.png","contentUrl":"https:\/\/associata-ev.de\/wp-content\/uploads\/2023\/03\/IMG-20230312-WA0021-2.png","width":1200,"height":297,"caption":"Associata e.V."},"image":{"@id":"https:\/\/associata-ev.de\/verein\/#\/schema\/logo\/image\/"}},{"@type":"Person","@id":"https:\/\/associata-ev.de\/verein\/#\/schema\/person\/e73782c4f0cecc6663b33b456118525f","name":"ReneKnopp","image":{"@type":"ImageObject","inLanguage":"de","@id":"https:\/\/associata-ev.de\/verein\/#\/schema\/person\/image\/","url":"https:\/\/secure.gravatar.com\/avatar\/79a2e70279472c96f215f3e85d1f1152ef5abd1cbb4778b50af4e74cf37c6ea1?s=96&d=mm&r=g","contentUrl":"https:\/\/secure.gravatar.com\/avatar\/79a2e70279472c96f215f3e85d1f1152ef5abd1cbb4778b50af4e74cf37c6ea1?s=96&d=mm&r=g","caption":"ReneKnopp"},"sameAs":["https:\/\/associata-ev.de"],"url":"https:\/\/associata-ev.de\/verein\/author\/reneknopp\/"}]}},"_links":{"self":[{"href":"https:\/\/associata-ev.de\/verein\/wp-json\/wp\/v2\/pages\/12","targetHints":{"allow":["GET"]}}],"collection":[{"href":"https:\/\/associata-ev.de\/verein\/wp-json\/wp\/v2\/pages"}],"about":[{"href":"https:\/\/associata-ev.de\/verein\/wp-json\/wp\/v2\/types\/page"}],"author":[{"embeddable":true,"href":"https:\/\/associata-ev.de\/verein\/wp-json\/wp\/v2\/users\/1"}],"replies":[{"embeddable":true,"href":"https:\/\/associata-ev.de\/verein\/wp-json\/wp\/v2\/comments?post=12"}],"version-history":[{"count":9,"href":"https:\/\/associata-ev.de\/verein\/wp-json\/wp\/v2\/pages\/12\/revisions"}],"predecessor-version":[{"id":2180,"href":"https:\/\/associata-ev.de\/verein\/wp-json\/wp\/v2\/pages\/12\/revisions\/2180"}],"wp:attachment":[{"href":"https:\/\/associata-ev.de\/verein\/wp-json\/wp\/v2\/media?parent=12"}],"curies":[{"name":"wp","href":"https:\/\/api.w.org\/{rel}","templated":true}]}}