{"id":14,"date":"2023-02-16T12:06:59","date_gmt":"2023-02-16T11:06:59","guid":{"rendered":"https:\/\/associata-ev.de\/?page_id=14"},"modified":"2024-07-22T17:25:50","modified_gmt":"2024-07-22T15:25:50","slug":"aktuelles","status":"publish","type":"page","link":"https:\/\/associata-ev.de\/verein\/aktuelles\/","title":{"rendered":"Aktuelles"},"content":{"rendered":"\n<div class=\"wp-block-columns is-layout-flex wp-container-core-columns-is-layout-9d6595d7 wp-block-columns-is-layout-flex\">\n<div class=\"wp-block-column is-layout-flow wp-block-column-is-layout-flow\">\n<p>Wir lassen Euch teilhaben am Vereinsgeschehen und berichten \u2026 nicht regelm\u00e4\u00dfig, aber von Zeit zu Zeit \u2026 \u00fcber unsere Aktivit\u00e4ten. Wenn Ihr unseren Verein, unsere Ziele und konkreten Projekte n\u00e4her kennenlernen m\u00f6chtet, schreibt uns eine Mail oder whatsapp. Wir melden uns verl\u00e4sslich zur\u00fcck. Gern m\u00f6chten wir euch pers\u00f6nlich kennenlernen: in einem Telefonat oder Gespr\u00e4ch &#8211; gern auch bei uns im DIstelhof. Alle Informationen auf dieser Homepage stellen immer nur eine erste Skizze dar. Leider haben wir zunehmend erlebt, dass sich unsere hier ver\u00f6ffentlichten Informationen 1:1 ohne Zitat-Angabe auf anderen web-Seiten oder in sozialen Medien wiederfanden. Oft in einem Kontext, der nicht unseren Ans\u00e4tzen entspricht. Dem m\u00f6chten wir entgegenwirken und bitten um Verst\u00e4ndnis, dass wir Informationen auf der Homepage knapp halten, manches auch gar nicht ver\u00f6ffentlichen. Bitte sucht bei Interesse immer den direkten Kontakt zu uns. \u00dcbrigens: Im Distelhof ist fast immer jemand da, kommt also gern auch spontan vorbei. wenn ihr in der Region wohnt.\u00a0 Wir nehmen uns gern Zeit f\u00fcr euch. Vielen Dank!<\/p>\n<p>Weitere Infos, News und Termine auch unter:<\/p>\n<p><a href=\"http:\/\/www.inklusionsort-distelhof.de\/\" target=\"_blank\" rel=\"noopener noreferrer\">www.inklusionsort-distelhof.de<\/a><\/p>\n<p><a href=\"http:\/\/www.pferd-mensch-distelhof.de\/\" target=\"_blank\" rel=\"noopener noreferrer\">www.pferd-mensch-distelhof.de<\/a><\/p>\n<\/div>\n<\/div>\n","protected":false},"excerpt":{"rendered":"<p>Wir lassen Euch teilhaben am Vereinsgeschehen und berichten \u2026 nicht regelm\u00e4\u00dfig, aber von Zeit zu Zeit \u2026 \u00fcber unsere Aktivit\u00e4ten. Wenn Ihr unseren Verein, unsere Ziele und konkreten Projekte n\u00e4her kennenlernen m\u00f6chtet, schreibt uns eine Mail oder whatsapp. Wir melden uns verl\u00e4sslich zur\u00fcck. Gern m\u00f6chten wir euch pers\u00f6nlich kennenlernen: in einem Telefonat oder Gespr\u00e4ch &#8211; gern auch bei uns im DIstelhof. Alle Informationen auf dieser Homepage stellen immer nur eine erste Skizze dar. Leider haben wir zunehmend erlebt, dass sich unsere hier ver\u00f6ffentlichten Informationen 1:1 ohne Zitat-Angabe auf anderen web-Seiten oder in sozialen Medien wiederfanden. Oft in einem Kontext, der nicht unseren Ans\u00e4tzen entspricht. Dem m\u00f6chten wir entgegenwirken und bitten um Verst\u00e4ndnis, dass wir Informationen auf der Homepage knapp halten, manches auch gar nicht ver\u00f6ffentlichen. Bitte sucht bei Interesse immer den direkten Kontakt zu uns. \u00dcbrigens: Im Distelhof ist fast immer jemand da, kommt also gern auch spontan vorbei. wenn ihr in der Region wohnt.\u00a0 Wir nehmen uns gern Zeit f\u00fcr euch. Vielen Dank! Weitere Infos, News und Termine auch unter: www.inklusionsort-distelhof.de www.pferd-mensch-distelhof.de<\/p>\n","protected":false},"author":1,"featured_media":0,"parent":0,"menu_order":0,"comment_status":"closed","ping_status":"closed","template":"","meta":{"_acf_changed":false,"footnotes":""},"class_list":["post-14","page","type-page","status-publish","hentry"],"acf":[],"yoast_head":"<!-- This site is optimized with the Yoast SEO plugin v26.9 - https:\/\/yoast.com\/product\/yoast-seo-wordpress\/ -->\n<title>Aktuelles - Associata-e.V.<\/title>\n<meta name=\"description\" content=\"Associata-e.V. Aktuelles\" \/>\n<meta name=\"robots\" content=\"index, follow, max-snippet:-1, max-image-preview:large, max-video-preview:-1\" \/>\n<link rel=\"canonical\" href=\"https:\/\/associata-ev.de\/verein\/aktuelles\/\" \/>\n<meta property=\"og:locale\" content=\"de_DE\" \/>\n<meta property=\"og:type\" content=\"article\" \/>\n<meta property=\"og:title\" content=\"Aktuelles - Associata-e.V.\" \/>\n<meta property=\"og:description\" content=\"Associata-e.V. Aktuelles\" \/>\n<meta property=\"og:url\" content=\"https:\/\/associata-ev.de\/verein\/aktuelles\/\" \/>\n<meta property=\"og:site_name\" content=\"Associata-e.V.\" \/>\n<meta property=\"article:modified_time\" content=\"2024-07-22T15:25:50+00:00\" \/>\n<meta name=\"twitter:card\" content=\"summary_large_image\" \/>\n<meta name=\"twitter:label1\" content=\"Gesch\u00e4tzte Lesezeit\" \/>\n\t<meta name=\"twitter:data1\" content=\"1\u00a0Minute\" \/>\n<script type=\"application\/ld+json\" class=\"yoast-schema-graph\">{\"@context\":\"https:\/\/schema.org\",\"@graph\":[{\"@type\":[\"Article\",\"BlogPosting\"],\"@id\":\"https:\/\/associata-ev.de\/verein\/aktuelles\/#article\",\"isPartOf\":{\"@id\":\"https:\/\/associata-ev.de\/verein\/aktuelles\/\"},\"author\":{\"name\":\"ReneKnopp\",\"@id\":\"https:\/\/associata-ev.de\/verein\/#\/schema\/person\/e73782c4f0cecc6663b33b456118525f\"},\"headline\":\"Aktuelles\",\"datePublished\":\"2023-02-16T11:06:59+00:00\",\"dateModified\":\"2024-07-22T15:25:50+00:00\",\"mainEntityOfPage\":{\"@id\":\"https:\/\/associata-ev.de\/verein\/aktuelles\/\"},\"wordCount\":190,\"publisher\":{\"@id\":\"https:\/\/associata-ev.de\/verein\/#organization\"},\"inLanguage\":\"de\"},{\"@type\":\"WebPage\",\"@id\":\"https:\/\/associata-ev.de\/verein\/aktuelles\/\",\"url\":\"https:\/\/associata-ev.de\/verein\/aktuelles\/\",\"name\":\"Aktuelles - Associata-e.V.\",\"isPartOf\":{\"@id\":\"https:\/\/associata-ev.de\/verein\/#website\"},\"datePublished\":\"2023-02-16T11:06:59+00:00\",\"dateModified\":\"2024-07-22T15:25:50+00:00\",\"description\":\"Associata-e.V. Aktuelles\",\"breadcrumb\":{\"@id\":\"https:\/\/associata-ev.de\/verein\/aktuelles\/#breadcrumb\"},\"inLanguage\":\"de\",\"potentialAction\":[{\"@type\":\"ReadAction\",\"target\":[\"https:\/\/associata-ev.de\/verein\/aktuelles\/\"]}]},{\"@type\":\"BreadcrumbList\",\"@id\":\"https:\/\/associata-ev.de\/verein\/aktuelles\/#breadcrumb\",\"itemListElement\":[{\"@type\":\"ListItem\",\"position\":1,\"name\":\"Verein\",\"item\":\"https:\/\/associata-ev.de\/verein\/\"},{\"@type\":\"ListItem\",\"position\":2,\"name\":\"Aktuelles\"}]},{\"@type\":\"WebSite\",\"@id\":\"https:\/\/associata-ev.de\/verein\/#website\",\"url\":\"https:\/\/associata-ev.de\/verein\/\",\"name\":\"Associata-e.V.\",\"description\":\"\",\"publisher\":{\"@id\":\"https:\/\/associata-ev.de\/verein\/#organization\"},\"potentialAction\":[{\"@type\":\"SearchAction\",\"target\":{\"@type\":\"EntryPoint\",\"urlTemplate\":\"https:\/\/associata-ev.de\/verein\/?s={search_term_string}\"},\"query-input\":{\"@type\":\"PropertyValueSpecification\",\"valueRequired\":true,\"valueName\":\"search_term_string\"}}],\"inLanguage\":\"de\"},{\"@type\":\"Organization\",\"@id\":\"https:\/\/associata-ev.de\/verein\/#organization\",\"name\":\"Associata e.V.\",\"url\":\"https:\/\/associata-ev.de\/verein\/\",\"logo\":{\"@type\":\"ImageObject\",\"inLanguage\":\"de\",\"@id\":\"https:\/\/associata-ev.de\/verein\/#\/schema\/logo\/image\/\",\"url\":\"https:\/\/associata-ev.de\/wp-content\/uploads\/2023\/03\/IMG-20230312-WA0021-2.png\",\"contentUrl\":\"https:\/\/associata-ev.de\/wp-content\/uploads\/2023\/03\/IMG-20230312-WA0021-2.png\",\"width\":1200,\"height\":297,\"caption\":\"Associata e.V.\"},\"image\":{\"@id\":\"https:\/\/associata-ev.de\/verein\/#\/schema\/logo\/image\/\"}},{\"@type\":\"Person\",\"@id\":\"https:\/\/associata-ev.de\/verein\/#\/schema\/person\/e73782c4f0cecc6663b33b456118525f\",\"name\":\"ReneKnopp\",\"image\":{\"@type\":\"ImageObject\",\"inLanguage\":\"de\",\"@id\":\"https:\/\/associata-ev.de\/verein\/#\/schema\/person\/image\/\",\"url\":\"https:\/\/secure.gravatar.com\/avatar\/79a2e70279472c96f215f3e85d1f1152ef5abd1cbb4778b50af4e74cf37c6ea1?s=96&d=mm&r=g\",\"contentUrl\":\"https:\/\/secure.gravatar.com\/avatar\/79a2e70279472c96f215f3e85d1f1152ef5abd1cbb4778b50af4e74cf37c6ea1?s=96&d=mm&r=g\",\"caption\":\"ReneKnopp\"},\"sameAs\":[\"https:\/\/associata-ev.de\"],\"url\":\"https:\/\/associata-ev.de\/verein\/author\/reneknopp\/\"}]}<\/script>\n<!-- \/ Yoast SEO plugin. -->","yoast_head_json":{"title":"Aktuelles - Associata-e.V.","description":"Associata-e.V. Aktuelles","robots":{"index":"index","follow":"follow","max-snippet":"max-snippet:-1","max-image-preview":"max-image-preview:large","max-video-preview":"max-video-preview:-1"},"canonical":"https:\/\/associata-ev.de\/verein\/aktuelles\/","og_locale":"de_DE","og_type":"article","og_title":"Aktuelles - Associata-e.V.","og_description":"Associata-e.V. Aktuelles","og_url":"https:\/\/associata-ev.de\/verein\/aktuelles\/","og_site_name":"Associata-e.V.","article_modified_time":"2024-07-22T15:25:50+00:00","twitter_card":"summary_large_image","twitter_misc":{"Gesch\u00e4tzte Lesezeit":"1\u00a0Minute"},"schema":{"@context":"https:\/\/schema.org","@graph":[{"@type":["Article","BlogPosting"],"@id":"https:\/\/associata-ev.de\/verein\/aktuelles\/#article","isPartOf":{"@id":"https:\/\/associata-ev.de\/verein\/aktuelles\/"},"author":{"name":"ReneKnopp","@id":"https:\/\/associata-ev.de\/verein\/#\/schema\/person\/e73782c4f0cecc6663b33b456118525f"},"headline":"Aktuelles","datePublished":"2023-02-16T11:06:59+00:00","dateModified":"2024-07-22T15:25:50+00:00","mainEntityOfPage":{"@id":"https:\/\/associata-ev.de\/verein\/aktuelles\/"},"wordCount":190,"publisher":{"@id":"https:\/\/associata-ev.de\/verein\/#organization"},"inLanguage":"de"},{"@type":"WebPage","@id":"https:\/\/associata-ev.de\/verein\/aktuelles\/","url":"https:\/\/associata-ev.de\/verein\/aktuelles\/","name":"Aktuelles - Associata-e.V.","isPartOf":{"@id":"https:\/\/associata-ev.de\/verein\/#website"},"datePublished":"2023-02-16T11:06:59+00:00","dateModified":"2024-07-22T15:25:50+00:00","description":"Associata-e.V. Aktuelles","breadcrumb":{"@id":"https:\/\/associata-ev.de\/verein\/aktuelles\/#breadcrumb"},"inLanguage":"de","potentialAction":[{"@type":"ReadAction","target":["https:\/\/associata-ev.de\/verein\/aktuelles\/"]}]},{"@type":"BreadcrumbList","@id":"https:\/\/associata-ev.de\/verein\/aktuelles\/#breadcrumb","itemListElement":[{"@type":"ListItem","position":1,"name":"Verein","item":"https:\/\/associata-ev.de\/verein\/"},{"@type":"ListItem","position":2,"name":"Aktuelles"}]},{"@type":"WebSite","@id":"https:\/\/associata-ev.de\/verein\/#website","url":"https:\/\/associata-ev.de\/verein\/","name":"Associata-e.V.","description":"","publisher":{"@id":"https:\/\/associata-ev.de\/verein\/#organization"},"potentialAction":[{"@type":"SearchAction","target":{"@type":"EntryPoint","urlTemplate":"https:\/\/associata-ev.de\/verein\/?s={search_term_string}"},"query-input":{"@type":"PropertyValueSpecification","valueRequired":true,"valueName":"search_term_string"}}],"inLanguage":"de"},{"@type":"Organization","@id":"https:\/\/associata-ev.de\/verein\/#organization","name":"Associata e.V.","url":"https:\/\/associata-ev.de\/verein\/","logo":{"@type":"ImageObject","inLanguage":"de","@id":"https:\/\/associata-ev.de\/verein\/#\/schema\/logo\/image\/","url":"https:\/\/associata-ev.de\/wp-content\/uploads\/2023\/03\/IMG-20230312-WA0021-2.png","contentUrl":"https:\/\/associata-ev.de\/wp-content\/uploads\/2023\/03\/IMG-20230312-WA0021-2.png","width":1200,"height":297,"caption":"Associata e.V."},"image":{"@id":"https:\/\/associata-ev.de\/verein\/#\/schema\/logo\/image\/"}},{"@type":"Person","@id":"https:\/\/associata-ev.de\/verein\/#\/schema\/person\/e73782c4f0cecc6663b33b456118525f","name":"ReneKnopp","image":{"@type":"ImageObject","inLanguage":"de","@id":"https:\/\/associata-ev.de\/verein\/#\/schema\/person\/image\/","url":"https:\/\/secure.gravatar.com\/avatar\/79a2e70279472c96f215f3e85d1f1152ef5abd1cbb4778b50af4e74cf37c6ea1?s=96&d=mm&r=g","contentUrl":"https:\/\/secure.gravatar.com\/avatar\/79a2e70279472c96f215f3e85d1f1152ef5abd1cbb4778b50af4e74cf37c6ea1?s=96&d=mm&r=g","caption":"ReneKnopp"},"sameAs":["https:\/\/associata-ev.de"],"url":"https:\/\/associata-ev.de\/verein\/author\/reneknopp\/"}]}},"_links":{"self":[{"href":"https:\/\/associata-ev.de\/verein\/wp-json\/wp\/v2\/pages\/14","targetHints":{"allow":["GET"]}}],"collection":[{"href":"https:\/\/associata-ev.de\/verein\/wp-json\/wp\/v2\/pages"}],"about":[{"href":"https:\/\/associata-ev.de\/verein\/wp-json\/wp\/v2\/types\/page"}],"author":[{"embeddable":true,"href":"https:\/\/associata-ev.de\/verein\/wp-json\/wp\/v2\/users\/1"}],"replies":[{"embeddable":true,"href":"https:\/\/associata-ev.de\/verein\/wp-json\/wp\/v2\/comments?post=14"}],"version-history":[{"count":9,"href":"https:\/\/associata-ev.de\/verein\/wp-json\/wp\/v2\/pages\/14\/revisions"}],"predecessor-version":[{"id":2149,"href":"https:\/\/associata-ev.de\/verein\/wp-json\/wp\/v2\/pages\/14\/revisions\/2149"}],"wp:attachment":[{"href":"https:\/\/associata-ev.de\/verein\/wp-json\/wp\/v2\/media?parent=14"}],"curies":[{"name":"wp","href":"https:\/\/api.w.org\/{rel}","templated":true}]}}