{"id":20,"date":"2023-02-16T12:08:29","date_gmt":"2023-02-16T11:08:29","guid":{"rendered":"https:\/\/associata-ev.de\/?page_id=20"},"modified":"2023-07-10T16:39:47","modified_gmt":"2023-07-10T14:39:47","slug":"kontakt","status":"publish","type":"page","link":"https:\/\/associata-ev.de\/verein\/kontakt\/","title":{"rendered":"Kontakt"},"content":{"rendered":"<div style=\"font-size: 18px;\">\n  <strong><span dir=\"ltr\" role=\"presentation\">Sie m\u00f6chten mehr \u00fcber den Verein Associata e.V. erfahren?<\/span><\/strong><\/div>\n<div style=\"font-size: 18px;\">\n  <strong><span dir=\"ltr\" role=\"presentation\">Sie haben Fragen oder ein Anliegen?<\/span><\/strong><\/div>\n<div style=\"font-size: 18px;\">\n<p><strong><span dir=\"ltr\" role=\"presentation\">Sie m\u00f6chten sich zu einer Veranstaltung anmelden?<\/span><\/strong><\/div>\n<div style=\"font-size: 18px;\">\n<p><strong><span dir=\"ltr\" role=\"presentation\">Schreiben Sie uns eine<\/span> <span dir=\"ltr\" role=\"presentation\">E-Mail:&nbsp; &nbsp; &nbsp;<\/span><\/strong><br \/>\n  <strong><span dir=\"ltr\" style=\"color: #ff0000;\" role=\"presentation\">info@associata-ev.de<\/span><\/strong><\/p>\n<p><strong><span dir=\"ltr\" role=\"presentation\">Rufen Sie uns an:&nbsp; &nbsp; &nbsp; &nbsp; &nbsp; &nbsp; &nbsp; &nbsp; &nbsp; &nbsp; &nbsp; &nbsp; &nbsp; &nbsp; <\/span><\/strong><br \/>\n  <strong><span dir=\"ltr\" role=\"presentation\"><span style=\"color: #ff0000;\">038 797 \/ 180 136 <\/span>(AB)<\/span><\/strong><\/div>\n<div style=\"font-size: 18px;\">\n<p><strong><span dir=\"ltr\" role=\"presentation\">Wir rufen gern zur\u00fcck, wenn wir wieder im Haus sind<\/span><\/strong><br \/>\n  <strong><span dir=\"ltr\" role=\"presentation\">Bitte haben Sie Verst\u00e4ndnis, dass wir nur auf Anfragen mit vollst\u00e4ndigen Kontaktdaten <\/span><\/strong><br \/>\n  <strong><span dir=\"ltr\" role=\"presentation\">antworten. Wir freuen uns Sie kennenzulernen, m\u00f6chten aber auch wissen, wer sich mit einem<\/span><\/strong><br \/>\n  <strong><span dir=\"ltr\" role=\"presentation\">Anliegen an uns wendet. Vielen Dank.<\/span><\/strong><\/p>\n<p><strong><span dir=\"ltr\" role=\"presentation\">Associata e.V., Sarglebener Dorfstr. 14, 19357 Karst\u00e4dt GT Sargleben, Brandenburg.<\/span><\/strong><\/div>\n","protected":false},"excerpt":{"rendered":"<p>Sie m\u00f6chten mehr \u00fcber den Verein Associata e.V. erfahren? Sie haben Fragen oder ein Anliegen? Sie m\u00f6chten sich zu einer Veranstaltung anmelden? Schreiben Sie uns eine E-Mail:&nbsp; &nbsp; &nbsp; info@associata-ev.de Rufen Sie uns an:&nbsp; &nbsp; &nbsp; &nbsp; &nbsp; &nbsp; &nbsp; &nbsp; &nbsp; &nbsp; &nbsp; &nbsp; &nbsp; &nbsp; 038 797 \/ 180 136 (AB) Wir rufen gern zur\u00fcck, wenn wir wieder im Haus sind Bitte haben Sie Verst\u00e4ndnis, dass wir nur auf Anfragen mit vollst\u00e4ndigen Kontaktdaten antworten. Wir freuen uns Sie kennenzulernen, m\u00f6chten aber auch wissen, wer sich mit einem Anliegen an uns wendet. Vielen Dank. Associata e.V., Sarglebener Dorfstr. 14, 19357 Karst\u00e4dt GT Sargleben, Brandenburg.<\/p>\n","protected":false},"author":1,"featured_media":0,"parent":0,"menu_order":0,"comment_status":"closed","ping_status":"closed","template":"","meta":{"_acf_changed":false,"footnotes":""},"class_list":["post-20","page","type-page","status-publish","hentry"],"acf":[],"yoast_head":"<!-- This site is optimized with the Yoast SEO plugin v26.9 - https:\/\/yoast.com\/product\/yoast-seo-wordpress\/ -->\n<title>Kontakt - Associata-e.V.<\/title>\n<meta name=\"description\" content=\"Associata-e.V. Kontakt\" \/>\n<meta name=\"robots\" content=\"index, follow, max-snippet:-1, max-image-preview:large, max-video-preview:-1\" \/>\n<link rel=\"canonical\" href=\"https:\/\/associata-ev.de\/verein\/kontakt\/\" \/>\n<meta property=\"og:locale\" content=\"de_DE\" \/>\n<meta property=\"og:type\" content=\"article\" \/>\n<meta property=\"og:title\" content=\"Kontakt - Associata-e.V.\" \/>\n<meta property=\"og:description\" content=\"Associata-e.V. Kontakt\" \/>\n<meta property=\"og:url\" content=\"https:\/\/associata-ev.de\/verein\/kontakt\/\" \/>\n<meta property=\"og:site_name\" content=\"Associata-e.V.\" \/>\n<meta property=\"article:modified_time\" content=\"2023-07-10T14:39:47+00:00\" \/>\n<meta name=\"twitter:card\" content=\"summary_large_image\" \/>\n<meta name=\"twitter:label1\" content=\"Gesch\u00e4tzte Lesezeit\" \/>\n\t<meta name=\"twitter:data1\" content=\"1\u00a0Minute\" \/>\n<script type=\"application\/ld+json\" class=\"yoast-schema-graph\">{\"@context\":\"https:\/\/schema.org\",\"@graph\":[{\"@type\":[\"Article\",\"BlogPosting\"],\"@id\":\"https:\/\/associata-ev.de\/verein\/kontakt\/#article\",\"isPartOf\":{\"@id\":\"https:\/\/associata-ev.de\/verein\/kontakt\/\"},\"author\":{\"name\":\"ReneKnopp\",\"@id\":\"https:\/\/associata-ev.de\/verein\/#\/schema\/person\/e73782c4f0cecc6663b33b456118525f\"},\"headline\":\"Kontakt\",\"datePublished\":\"2023-02-16T11:08:29+00:00\",\"dateModified\":\"2023-07-10T14:39:47+00:00\",\"mainEntityOfPage\":{\"@id\":\"https:\/\/associata-ev.de\/verein\/kontakt\/\"},\"wordCount\":112,\"publisher\":{\"@id\":\"https:\/\/associata-ev.de\/verein\/#organization\"},\"inLanguage\":\"de\"},{\"@type\":\"WebPage\",\"@id\":\"https:\/\/associata-ev.de\/verein\/kontakt\/\",\"url\":\"https:\/\/associata-ev.de\/verein\/kontakt\/\",\"name\":\"Kontakt - Associata-e.V.\",\"isPartOf\":{\"@id\":\"https:\/\/associata-ev.de\/verein\/#website\"},\"datePublished\":\"2023-02-16T11:08:29+00:00\",\"dateModified\":\"2023-07-10T14:39:47+00:00\",\"description\":\"Associata-e.V. Kontakt\",\"breadcrumb\":{\"@id\":\"https:\/\/associata-ev.de\/verein\/kontakt\/#breadcrumb\"},\"inLanguage\":\"de\",\"potentialAction\":[{\"@type\":\"ReadAction\",\"target\":[\"https:\/\/associata-ev.de\/verein\/kontakt\/\"]}]},{\"@type\":\"BreadcrumbList\",\"@id\":\"https:\/\/associata-ev.de\/verein\/kontakt\/#breadcrumb\",\"itemListElement\":[{\"@type\":\"ListItem\",\"position\":1,\"name\":\"Verein\",\"item\":\"https:\/\/associata-ev.de\/verein\/\"},{\"@type\":\"ListItem\",\"position\":2,\"name\":\"Kontakt\"}]},{\"@type\":\"WebSite\",\"@id\":\"https:\/\/associata-ev.de\/verein\/#website\",\"url\":\"https:\/\/associata-ev.de\/verein\/\",\"name\":\"Associata-e.V.\",\"description\":\"\",\"publisher\":{\"@id\":\"https:\/\/associata-ev.de\/verein\/#organization\"},\"potentialAction\":[{\"@type\":\"SearchAction\",\"target\":{\"@type\":\"EntryPoint\",\"urlTemplate\":\"https:\/\/associata-ev.de\/verein\/?s={search_term_string}\"},\"query-input\":{\"@type\":\"PropertyValueSpecification\",\"valueRequired\":true,\"valueName\":\"search_term_string\"}}],\"inLanguage\":\"de\"},{\"@type\":\"Organization\",\"@id\":\"https:\/\/associata-ev.de\/verein\/#organization\",\"name\":\"Associata e.V.\",\"url\":\"https:\/\/associata-ev.de\/verein\/\",\"logo\":{\"@type\":\"ImageObject\",\"inLanguage\":\"de\",\"@id\":\"https:\/\/associata-ev.de\/verein\/#\/schema\/logo\/image\/\",\"url\":\"https:\/\/associata-ev.de\/wp-content\/uploads\/2023\/03\/IMG-20230312-WA0021-2.png\",\"contentUrl\":\"https:\/\/associata-ev.de\/wp-content\/uploads\/2023\/03\/IMG-20230312-WA0021-2.png\",\"width\":1200,\"height\":297,\"caption\":\"Associata e.V.\"},\"image\":{\"@id\":\"https:\/\/associata-ev.de\/verein\/#\/schema\/logo\/image\/\"}},{\"@type\":\"Person\",\"@id\":\"https:\/\/associata-ev.de\/verein\/#\/schema\/person\/e73782c4f0cecc6663b33b456118525f\",\"name\":\"ReneKnopp\",\"image\":{\"@type\":\"ImageObject\",\"inLanguage\":\"de\",\"@id\":\"https:\/\/associata-ev.de\/verein\/#\/schema\/person\/image\/\",\"url\":\"https:\/\/secure.gravatar.com\/avatar\/79a2e70279472c96f215f3e85d1f1152ef5abd1cbb4778b50af4e74cf37c6ea1?s=96&d=mm&r=g\",\"contentUrl\":\"https:\/\/secure.gravatar.com\/avatar\/79a2e70279472c96f215f3e85d1f1152ef5abd1cbb4778b50af4e74cf37c6ea1?s=96&d=mm&r=g\",\"caption\":\"ReneKnopp\"},\"sameAs\":[\"https:\/\/associata-ev.de\"],\"url\":\"https:\/\/associata-ev.de\/verein\/author\/reneknopp\/\"}]}<\/script>\n<!-- \/ Yoast SEO plugin. -->","yoast_head_json":{"title":"Kontakt - Associata-e.V.","description":"Associata-e.V. Kontakt","robots":{"index":"index","follow":"follow","max-snippet":"max-snippet:-1","max-image-preview":"max-image-preview:large","max-video-preview":"max-video-preview:-1"},"canonical":"https:\/\/associata-ev.de\/verein\/kontakt\/","og_locale":"de_DE","og_type":"article","og_title":"Kontakt - Associata-e.V.","og_description":"Associata-e.V. Kontakt","og_url":"https:\/\/associata-ev.de\/verein\/kontakt\/","og_site_name":"Associata-e.V.","article_modified_time":"2023-07-10T14:39:47+00:00","twitter_card":"summary_large_image","twitter_misc":{"Gesch\u00e4tzte Lesezeit":"1\u00a0Minute"},"schema":{"@context":"https:\/\/schema.org","@graph":[{"@type":["Article","BlogPosting"],"@id":"https:\/\/associata-ev.de\/verein\/kontakt\/#article","isPartOf":{"@id":"https:\/\/associata-ev.de\/verein\/kontakt\/"},"author":{"name":"ReneKnopp","@id":"https:\/\/associata-ev.de\/verein\/#\/schema\/person\/e73782c4f0cecc6663b33b456118525f"},"headline":"Kontakt","datePublished":"2023-02-16T11:08:29+00:00","dateModified":"2023-07-10T14:39:47+00:00","mainEntityOfPage":{"@id":"https:\/\/associata-ev.de\/verein\/kontakt\/"},"wordCount":112,"publisher":{"@id":"https:\/\/associata-ev.de\/verein\/#organization"},"inLanguage":"de"},{"@type":"WebPage","@id":"https:\/\/associata-ev.de\/verein\/kontakt\/","url":"https:\/\/associata-ev.de\/verein\/kontakt\/","name":"Kontakt - Associata-e.V.","isPartOf":{"@id":"https:\/\/associata-ev.de\/verein\/#website"},"datePublished":"2023-02-16T11:08:29+00:00","dateModified":"2023-07-10T14:39:47+00:00","description":"Associata-e.V. Kontakt","breadcrumb":{"@id":"https:\/\/associata-ev.de\/verein\/kontakt\/#breadcrumb"},"inLanguage":"de","potentialAction":[{"@type":"ReadAction","target":["https:\/\/associata-ev.de\/verein\/kontakt\/"]}]},{"@type":"BreadcrumbList","@id":"https:\/\/associata-ev.de\/verein\/kontakt\/#breadcrumb","itemListElement":[{"@type":"ListItem","position":1,"name":"Verein","item":"https:\/\/associata-ev.de\/verein\/"},{"@type":"ListItem","position":2,"name":"Kontakt"}]},{"@type":"WebSite","@id":"https:\/\/associata-ev.de\/verein\/#website","url":"https:\/\/associata-ev.de\/verein\/","name":"Associata-e.V.","description":"","publisher":{"@id":"https:\/\/associata-ev.de\/verein\/#organization"},"potentialAction":[{"@type":"SearchAction","target":{"@type":"EntryPoint","urlTemplate":"https:\/\/associata-ev.de\/verein\/?s={search_term_string}"},"query-input":{"@type":"PropertyValueSpecification","valueRequired":true,"valueName":"search_term_string"}}],"inLanguage":"de"},{"@type":"Organization","@id":"https:\/\/associata-ev.de\/verein\/#organization","name":"Associata e.V.","url":"https:\/\/associata-ev.de\/verein\/","logo":{"@type":"ImageObject","inLanguage":"de","@id":"https:\/\/associata-ev.de\/verein\/#\/schema\/logo\/image\/","url":"https:\/\/associata-ev.de\/wp-content\/uploads\/2023\/03\/IMG-20230312-WA0021-2.png","contentUrl":"https:\/\/associata-ev.de\/wp-content\/uploads\/2023\/03\/IMG-20230312-WA0021-2.png","width":1200,"height":297,"caption":"Associata e.V."},"image":{"@id":"https:\/\/associata-ev.de\/verein\/#\/schema\/logo\/image\/"}},{"@type":"Person","@id":"https:\/\/associata-ev.de\/verein\/#\/schema\/person\/e73782c4f0cecc6663b33b456118525f","name":"ReneKnopp","image":{"@type":"ImageObject","inLanguage":"de","@id":"https:\/\/associata-ev.de\/verein\/#\/schema\/person\/image\/","url":"https:\/\/secure.gravatar.com\/avatar\/79a2e70279472c96f215f3e85d1f1152ef5abd1cbb4778b50af4e74cf37c6ea1?s=96&d=mm&r=g","contentUrl":"https:\/\/secure.gravatar.com\/avatar\/79a2e70279472c96f215f3e85d1f1152ef5abd1cbb4778b50af4e74cf37c6ea1?s=96&d=mm&r=g","caption":"ReneKnopp"},"sameAs":["https:\/\/associata-ev.de"],"url":"https:\/\/associata-ev.de\/verein\/author\/reneknopp\/"}]}},"_links":{"self":[{"href":"https:\/\/associata-ev.de\/verein\/wp-json\/wp\/v2\/pages\/20","targetHints":{"allow":["GET"]}}],"collection":[{"href":"https:\/\/associata-ev.de\/verein\/wp-json\/wp\/v2\/pages"}],"about":[{"href":"https:\/\/associata-ev.de\/verein\/wp-json\/wp\/v2\/types\/page"}],"author":[{"embeddable":true,"href":"https:\/\/associata-ev.de\/verein\/wp-json\/wp\/v2\/users\/1"}],"replies":[{"embeddable":true,"href":"https:\/\/associata-ev.de\/verein\/wp-json\/wp\/v2\/comments?post=20"}],"version-history":[{"count":9,"href":"https:\/\/associata-ev.de\/verein\/wp-json\/wp\/v2\/pages\/20\/revisions"}],"predecessor-version":[{"id":1493,"href":"https:\/\/associata-ev.de\/verein\/wp-json\/wp\/v2\/pages\/20\/revisions\/1493"}],"wp:attachment":[{"href":"https:\/\/associata-ev.de\/verein\/wp-json\/wp\/v2\/media?parent=20"}],"curies":[{"name":"wp","href":"https:\/\/api.w.org\/{rel}","templated":true}]}}