{"id":2159,"date":"2024-07-29T16:21:06","date_gmt":"2024-07-29T14:21:06","guid":{"rendered":"https:\/\/associata-ev.de\/verein\/?page_id=2159"},"modified":"2024-07-29T17:27:07","modified_gmt":"2024-07-29T15:27:07","slug":"vereinsaktivitaeten-seit-gruendung","status":"publish","type":"page","link":"https:\/\/associata-ev.de\/verein\/vereinsaktivitaeten-seit-gruendung\/","title":{"rendered":"Vereinsaktivit\u00e4ten seit Gr\u00fcndung"},"content":{"rendered":"\n<div class=\"wp-block-columns is-layout-flex wp-container-core-columns-is-layout-9d6595d7 wp-block-columns-is-layout-flex\">\n<div class=\"wp-block-column is-layout-flow wp-block-column-is-layout-flow\" style=\"flex-basis:25%\"><\/div>\n\n\n\n<div class=\"wp-block-column is-layout-flow wp-block-column-is-layout-flow\" style=\"flex-basis:50%\">\n<figure class=\"wp-block-image size-large\"><img loading=\"lazy\" decoding=\"async\" width=\"1024\" height=\"683\" src=\"https:\/\/associata-ev.de\/wp-content\/uploads\/2024\/07\/Diversity-1024x683.jpg\" alt=\"\" class=\"wp-image-2162\" srcset=\"https:\/\/associata-ev.de\/wp-content\/uploads\/2024\/07\/Diversity-1024x683.jpg 1024w, https:\/\/associata-ev.de\/wp-content\/uploads\/2024\/07\/Diversity-300x200.jpg 300w, https:\/\/associata-ev.de\/wp-content\/uploads\/2024\/07\/Diversity-768x512.jpg 768w, https:\/\/associata-ev.de\/wp-content\/uploads\/2024\/07\/Diversity-1536x1024.jpg 1536w, https:\/\/associata-ev.de\/wp-content\/uploads\/2024\/07\/Diversity-2048x1365.jpg 2048w, https:\/\/associata-ev.de\/wp-content\/uploads\/2024\/07\/Diversity-1140x760.jpg 1140w\" sizes=\"auto, (max-width: 1024px) 100vw, 1024px\" \/><\/figure>\n<\/div>\n\n\n\n<div class=\"wp-block-column is-layout-flow wp-block-column-is-layout-flow\" style=\"flex-basis:25%\"><\/div>\n<\/div>\n\n\n\n<div class=\"wp-block-columns is-layout-flex wp-container-core-columns-is-layout-9d6595d7 wp-block-columns-is-layout-flex\">\n<div class=\"wp-block-column is-layout-flow wp-block-column-is-layout-flow\">\n<p><strong>Aktivit\u00e4ten seit Vereinsgr\u00fcndung 2016 in den Vereins-Schwerpunkten ASSISTENZHUND und INKLUSION<\/strong><\/p>\n<ul>\n<li style=\"list-style-type: none;\">\n<ul>\n<li style=\"list-style-type: none;\">\n<ul>\n<li>Gespr\u00e4che mit Fachpolitikern in MV, Brandenburg und im Bund<\/li>\n<li>Regelm\u00e4\u00dfiger Austausch mit Teilhabepolitischen Sprechern in Berlin<\/li>\n<li>Regelm\u00e4\u00dfiger Austausch mit fachbezogenen Kommunal- und Landespolitikern<\/li>\n<li>Gespr\u00e4che in Berlin mit dem Patientenbeauftragten der Bundesregierung<\/li>\n<li>Regelm\u00e4\u00dfige Teilnahme von Vereinsmitgliedern an den Verb\u00e4ndekonsultationen der Monitoringstelle zur Umsetzung der UN-BRK im Dtsch. Institut f\u00fcr Menschenrechte, Berlin<\/li>\n<li>Regelm\u00e4\u00dfige Information zu den Thema Inklusion und Assistenzhund in Form \u201eoffener Infotage\u201c, zun\u00e4chst sowohl in Z\u00fclow als auch im \u201eDistelhof\u201c in Karst\u00e4dt-Sargleben. Ab 2018 aus Platzgr\u00fcnden nur im Distelhof in Karst\u00e4dt-Sargleben. Der Distelhof ist seit 2018 Veranstaltungsort des Vereins, seit 2020 auch im Eigentum des Vereins.<\/li>\n<li>Initiierung inklusiver Projekte f\u00fcr Kinder, Jugendliche und Erwachsene in den Bereichen kreatives Schaffen, Bewegung, Spiel und Freizeiterleben im Distelhof<\/li>\n<li>Teilnahme an Ehrenamtsmessen mit gro\u00dfer Breitenwirkung zu den Themen Inklusion und Assistenzhund. Kontakt bei den Ehrenamtsmessen zu Sozialverb\u00e4nden, Lebenshilfe, Wei\u00dfer Ring, Politikern aus den Bereichen Gesundheit und Soziales, Menschen mit Behinderung, die kompetente Beratung w\u00fcnschen.<\/li>\n<li>Gespr\u00e4che und Fachtage mit Einzelhandelsverb\u00e4nden zum Thema \u201eZutrittsrechte von Assistenzhunden und rechtliche Grundlagen\u201c.<\/li>\n<li>Inhouse-Fachtag mit der Lebenshilfe zum Assistenzhund<\/li>\n<li>Inhouse-Fachtag mit dem Wei\u00dfen Ring in mehreren Bundesl\u00e4ndern zum<br \/>Assistenzhund<\/li>\n<li>Info- und Fachtage zum AH f\u00fcr Stiftungen, Vereine, SoVD, Wei\u00dfer Ring, EUTBs,<\/li>\n<li>Gespr\u00e4che mit Behindertenbeauftragten und Behindertenbeir\u00e4ten<\/li>\n<li>Fachtag zum Assistenzhund in Abgrenzung zu anderen Helferhunden in Kooperation mit dem DRK Besuchshunde auf R\u00fcgen<\/li>\n<li>Teilnahme am Rostocker Symposium zum Themenschwerpunkt Assistenz- und Therapiebegleithunde<\/li>\n<li>Teilnahme an Pressefesten u.\u00e4., um eine breite \u00d6ffentlichkeit f\u00fcr die Themen Inklusion und Assistenzhunde zu sensibilisieren<\/li>\n<li>Information der Informations- und Beratungsstelle des Schulamtes zum Thema Assistenzhund in der Schule und rechtliche Grundlagen nach Inkrafttreten der AHVerordnung, um f\u00fcr Sch\u00fcler*innen Inklusion in der Schule zu erm\u00f6glichen.<\/li>\n<li>Informations-Veranstaltungen zum AH in Kooperation mit Assistenzhunde-Schulen<\/li>\n<li>Initiierung, Aufbau und Durchf\u00fchrung eines online-Kurses \u201eIch w\u00fcnsche mir einen AH\u201c als Hilfe f\u00fcr Menschen auf ihrem Weg zum Assistenzhund. Fundierte Informationen in 7 Modulen. In Durchf\u00fchrung und Bearbeitung der Audio-Version war ein junger Erwachsener mit Behinderung beteiligt.<\/li>\n<li>Initiierung, Durchf\u00fchrung und Auswertung einer bundesweiten umfassenden online Umfrage zu allen Fragen rund um den Assistenzhund. Wissenschaftliche Auswertung in Kooperation mit der Uni Dresden und der AliceSalomon-Hochschule Berlin. Die Ergebnisse der Umfrage waren wesentlicher Bestandteile einer Masterarbeit. W\u00e4hrend der Vorbereitung der Online-Umfrage intensiver wissenschaftlicher Austausch mit der Uni Osnabr\u00fcck.<\/li>\n<li>Die Ergebnisse der Umfrage wurden den teilhabepolitischen Sprechern der Bundestagsfraktionen zugeleitet, auch in pers\u00f6nlichen Gespr\u00e4chen.<\/li>\n<li>Associata e.V. war in den Jahren 2019 und 2020 in verschiedenen Orten und Bundesl\u00e4ndern mit einem Informationsstand zum Assistenzhund on Tour. Erm\u00f6glicht mit F\u00f6rderung der Aktion Mensch und der Ehrenamtsstiftung MV. Fortsetzung danach wegen Corona nicht m\u00f6glich.<\/li>\n<\/ul>\n<\/li>\n<\/ul>\n<ul>\n<li style=\"list-style-type: none;\">\n<ul>\n<li style=\"list-style-type: none;\">\u00a0<\/li>\n<\/ul>\n<\/li>\n<\/ul>\n<\/li>\n<\/ul>\n\n\n\n<div class=\"wp-block-columns is-layout-flex wp-container-core-columns-is-layout-9d6595d7 wp-block-columns-is-layout-flex\">\n<div class=\"wp-block-column is-layout-flow wp-block-column-is-layout-flow\">\n<p>In Vorbereitung eines Assistenzhunde-Gesetzes<\/p>\n<ul>\n<li style=\"list-style-type: none;\">\n<ul>\n<li style=\"list-style-type: none;\">\n<ul>\n<li>Referenten Judith Bartels und Thomas Hansen von Associata e.V. bei einer ExpertenInformationsveranstaltung \u201eAuf dem Weg zur AH-Gesetzgebung\u201c in der Frankenakademie Schlo\u00df Schley. Initiiert von der Friedrich-Ebert-Stiftung und Teilnahme der Parl. Staatssekret\u00e4rin Annette Kramme<\/li>\n<li>Teilnahme mit mehreren Vereinsmitgliedern am Experten-Workshop des BMAS zur Vorbereitung eines AH-Gesetzes<\/li>\n<li>Verschiedene fachliche Stellungnahmen in allen Gesetzgebungsschritten zum AHGesetz<\/li>\n<li>Experten-Anh\u00f6rung im Ausschuss Arbeit und Soziales des deutschen Bundestages als einer von nur zwei Assistenzhunde-Vereinen in Deutschland zum AH-Gesetz-Entwurf<\/li>\n<li>Gestaltung und Durchf\u00fchrung einer Veranstaltung im Rahmen des europ\u00e4ischen Protesttages am 5. Mai. Thema: \u201eNicht ohne unsere Beteiligung\u201c im AHGesetzgebungsverfahren.<\/li>\n<li>St\u00e4ndiger, bundesweiter Austausch mit Vereinen und Verb\u00e4nden im Themenbereich Assistenzhund<\/li>\n<li>Beratend t\u00e4tig f\u00fcr Stiftungen und andere F\u00f6rdergeber zur Ausbildung von Assistenzhunden<\/li>\n<li>Informierend und beratend (keine Rechtsberatung!) t\u00e4tig f\u00fcr Menschen mit Behinderung, die einen Assistenzhund ausbilden oder ausbilden m\u00f6chten<\/li>\n<li>Expertenanh\u00f6rung in Vorbereitung der Evaluationsstudie durch die Kienbaum International GmbH<\/li>\n<li>St\u00e4ndiger Austausch mit teilhabepolitischen Sprechern der Bundestagsparteien (au\u00dfer AFD) und mit dem BMAS in der Umsetzung und Probleme der Umsetzung der AHundVerordnung und der AH-Evaluationsstudie. Regelm\u00e4\u00dfige Pressearbeit zu unseren Veranstaltungen, zum Weg in eine inklusive Gesellschaft und zum Themenfeld Assistenzhund<\/li>\n<\/ul>\n<\/li>\n<\/ul>\n<\/li>\n<\/ul>\n<\/div>\n<\/div>\n<\/div>\n<\/div>\n","protected":false},"excerpt":{"rendered":"<p>Aktivit\u00e4ten seit Vereinsgr\u00fcndung 2016 in den Vereins-Schwerpunkten ASSISTENZHUND und INKLUSION Gespr\u00e4che mit Fachpolitikern in MV, Brandenburg und im Bund Regelm\u00e4\u00dfiger Austausch mit Teilhabepolitischen Sprechern in Berlin Regelm\u00e4\u00dfiger Austausch mit fachbezogenen Kommunal- und Landespolitikern Gespr\u00e4che in Berlin mit dem Patientenbeauftragten der Bundesregierung Regelm\u00e4\u00dfige Teilnahme von Vereinsmitgliedern an den Verb\u00e4ndekonsultationen der Monitoringstelle zur Umsetzung der UN-BRK im Dtsch. Institut f\u00fcr Menschenrechte, Berlin Regelm\u00e4\u00dfige Information zu den Thema Inklusion und Assistenzhund in Form \u201eoffener Infotage\u201c, zun\u00e4chst sowohl in Z\u00fclow als auch im \u201eDistelhof\u201c in Karst\u00e4dt-Sargleben. Ab 2018 aus Platzgr\u00fcnden nur im Distelhof in Karst\u00e4dt-Sargleben. Der Distelhof ist seit 2018 Veranstaltungsort des Vereins, seit 2020 auch im Eigentum des Vereins. Initiierung inklusiver Projekte f\u00fcr Kinder, Jugendliche und Erwachsene in den Bereichen kreatives Schaffen, Bewegung, Spiel und Freizeiterleben im Distelhof Teilnahme an Ehrenamtsmessen mit gro\u00dfer Breitenwirkung zu den Themen Inklusion und Assistenzhund. Kontakt bei den Ehrenamtsmessen zu Sozialverb\u00e4nden, Lebenshilfe, Wei\u00dfer Ring, Politikern aus den Bereichen Gesundheit und Soziales, Menschen mit Behinderung, die kompetente Beratung w\u00fcnschen. Gespr\u00e4che und Fachtage mit Einzelhandelsverb\u00e4nden zum Thema \u201eZutrittsrechte von Assistenzhunden und rechtliche Grundlagen\u201c. Inhouse-Fachtag mit der Lebenshilfe zum Assistenzhund Inhouse-Fachtag mit dem Wei\u00dfen Ring in mehreren Bundesl\u00e4ndern zumAssistenzhund Info- und Fachtage zum AH f\u00fcr Stiftungen, Vereine, SoVD, Wei\u00dfer Ring, EUTBs, Gespr\u00e4che mit Behindertenbeauftragten und Behindertenbeir\u00e4ten Fachtag zum Assistenzhund in Abgrenzung zu anderen Helferhunden in Kooperation mit dem DRK Besuchshunde auf R\u00fcgen Teilnahme am Rostocker Symposium zum Themenschwerpunkt Assistenz- und Therapiebegleithunde Teilnahme an Pressefesten u.\u00e4., um eine breite \u00d6ffentlichkeit f\u00fcr die Themen Inklusion und Assistenzhunde zu sensibilisieren Information der Informations- und Beratungsstelle des Schulamtes zum Thema Assistenzhund in der Schule und rechtliche Grundlagen nach Inkrafttreten der AHVerordnung, um f\u00fcr Sch\u00fcler*innen Inklusion in der Schule zu erm\u00f6glichen. Informations-Veranstaltungen zum AH in Kooperation mit Assistenzhunde-Schulen Initiierung, Aufbau und Durchf\u00fchrung eines online-Kurses \u201eIch w\u00fcnsche mir einen AH\u201c als Hilfe f\u00fcr Menschen auf ihrem Weg zum Assistenzhund. Fundierte Informationen in 7 Modulen. In Durchf\u00fchrung und Bearbeitung der Audio-Version war ein junger Erwachsener mit Behinderung beteiligt. Initiierung, Durchf\u00fchrung und Auswertung einer bundesweiten umfassenden online Umfrage zu allen Fragen rund um den Assistenzhund. Wissenschaftliche Auswertung in Kooperation mit der Uni Dresden und der AliceSalomon-Hochschule Berlin. Die Ergebnisse der Umfrage waren wesentlicher Bestandteile einer Masterarbeit. W\u00e4hrend der Vorbereitung der Online-Umfrage intensiver wissenschaftlicher Austausch mit der Uni Osnabr\u00fcck. Die Ergebnisse der Umfrage wurden den teilhabepolitischen Sprechern der Bundestagsfraktionen zugeleitet, auch in pers\u00f6nlichen Gespr\u00e4chen. Associata e.V. war in den Jahren 2019 und 2020 in verschiedenen Orten und Bundesl\u00e4ndern mit einem Informationsstand zum Assistenzhund on Tour. Erm\u00f6glicht mit F\u00f6rderung der Aktion Mensch und der Ehrenamtsstiftung MV. Fortsetzung danach wegen Corona nicht m\u00f6glich. \u00a0 In Vorbereitung eines Assistenzhunde-Gesetzes Referenten Judith Bartels und Thomas Hansen von Associata e.V. bei einer ExpertenInformationsveranstaltung \u201eAuf dem Weg zur AH-Gesetzgebung\u201c in der Frankenakademie Schlo\u00df Schley. Initiiert von der Friedrich-Ebert-Stiftung und Teilnahme der Parl. Staatssekret\u00e4rin Annette Kramme Teilnahme mit mehreren Vereinsmitgliedern am Experten-Workshop des BMAS zur Vorbereitung eines AH-Gesetzes Verschiedene fachliche Stellungnahmen in allen Gesetzgebungsschritten zum AHGesetz Experten-Anh\u00f6rung im Ausschuss Arbeit und Soziales des deutschen Bundestages als einer von nur zwei Assistenzhunde-Vereinen in Deutschland zum AH-Gesetz-Entwurf Gestaltung und Durchf\u00fchrung einer Veranstaltung im Rahmen des europ\u00e4ischen Protesttages am 5. Mai. Thema: \u201eNicht ohne unsere Beteiligung\u201c im AHGesetzgebungsverfahren. St\u00e4ndiger, bundesweiter Austausch mit Vereinen und Verb\u00e4nden im Themenbereich Assistenzhund Beratend t\u00e4tig f\u00fcr Stiftungen und andere F\u00f6rdergeber zur Ausbildung von Assistenzhunden Informierend und beratend (keine Rechtsberatung!) t\u00e4tig f\u00fcr Menschen mit Behinderung, die einen Assistenzhund ausbilden oder ausbilden m\u00f6chten Expertenanh\u00f6rung in Vorbereitung der Evaluationsstudie durch die Kienbaum International GmbH St\u00e4ndiger Austausch mit teilhabepolitischen Sprechern der Bundestagsparteien (au\u00dfer AFD) und mit dem BMAS in der Umsetzung und Probleme der Umsetzung der AHundVerordnung und der AH-Evaluationsstudie. Regelm\u00e4\u00dfige Pressearbeit zu unseren Veranstaltungen, zum Weg in eine inklusive Gesellschaft und zum Themenfeld Assistenzhund<\/p>\n","protected":false},"author":1,"featured_media":0,"parent":0,"menu_order":0,"comment_status":"closed","ping_status":"closed","template":"","meta":{"_acf_changed":false,"footnotes":""},"class_list":["post-2159","page","type-page","status-publish","hentry"],"acf":[],"yoast_head":"<!-- This site is optimized with the Yoast SEO plugin v26.9 - https:\/\/yoast.com\/product\/yoast-seo-wordpress\/ -->\n<title>Vereinsaktivit\u00e4ten seit Gr\u00fcndung - Associata-e.V.<\/title>\n<meta name=\"description\" content=\"Associata-e.V. Vereinsaktivit\u00e4ten seit Gr\u00fcndung\" \/>\n<meta name=\"robots\" content=\"index, follow, max-snippet:-1, max-image-preview:large, max-video-preview:-1\" \/>\n<link rel=\"canonical\" href=\"https:\/\/associata-ev.de\/verein\/vereinsaktivitaeten-seit-gruendung\/\" \/>\n<meta property=\"og:locale\" content=\"de_DE\" \/>\n<meta property=\"og:type\" content=\"article\" \/>\n<meta property=\"og:title\" content=\"Vereinsaktivit\u00e4ten seit Gr\u00fcndung - Associata-e.V.\" \/>\n<meta property=\"og:description\" content=\"Associata-e.V. Vereinsaktivit\u00e4ten seit Gr\u00fcndung\" \/>\n<meta property=\"og:url\" content=\"https:\/\/associata-ev.de\/verein\/vereinsaktivitaeten-seit-gruendung\/\" \/>\n<meta property=\"og:site_name\" content=\"Associata-e.V.\" \/>\n<meta property=\"article:modified_time\" content=\"2024-07-29T15:27:07+00:00\" \/>\n<meta property=\"og:image\" content=\"https:\/\/associata-ev.de\/wp-content\/uploads\/2024\/07\/Diversity-1024x683.jpg\" \/>\n<meta name=\"twitter:card\" content=\"summary_large_image\" \/>\n<meta name=\"twitter:label1\" content=\"Gesch\u00e4tzte Lesezeit\" \/>\n\t<meta name=\"twitter:data1\" content=\"4\u00a0Minuten\" \/>\n<script type=\"application\/ld+json\" class=\"yoast-schema-graph\">{\"@context\":\"https:\/\/schema.org\",\"@graph\":[{\"@type\":[\"Article\",\"BlogPosting\"],\"@id\":\"https:\/\/associata-ev.de\/verein\/vereinsaktivitaeten-seit-gruendung\/#article\",\"isPartOf\":{\"@id\":\"https:\/\/associata-ev.de\/verein\/vereinsaktivitaeten-seit-gruendung\/\"},\"author\":{\"name\":\"ReneKnopp\",\"@id\":\"https:\/\/associata-ev.de\/verein\/#\/schema\/person\/e73782c4f0cecc6663b33b456118525f\"},\"headline\":\"Vereinsaktivit\u00e4ten seit Gr\u00fcndung\",\"datePublished\":\"2024-07-29T14:21:06+00:00\",\"dateModified\":\"2024-07-29T15:27:07+00:00\",\"mainEntityOfPage\":{\"@id\":\"https:\/\/associata-ev.de\/verein\/vereinsaktivitaeten-seit-gruendung\/\"},\"wordCount\":667,\"publisher\":{\"@id\":\"https:\/\/associata-ev.de\/verein\/#organization\"},\"image\":{\"@id\":\"https:\/\/associata-ev.de\/verein\/vereinsaktivitaeten-seit-gruendung\/#primaryimage\"},\"thumbnailUrl\":\"https:\/\/associata-ev.de\/wp-content\/uploads\/2024\/07\/Diversity-1024x683.jpg\",\"inLanguage\":\"de\"},{\"@type\":\"WebPage\",\"@id\":\"https:\/\/associata-ev.de\/verein\/vereinsaktivitaeten-seit-gruendung\/\",\"url\":\"https:\/\/associata-ev.de\/verein\/vereinsaktivitaeten-seit-gruendung\/\",\"name\":\"Vereinsaktivit\u00e4ten seit Gr\u00fcndung - Associata-e.V.\",\"isPartOf\":{\"@id\":\"https:\/\/associata-ev.de\/verein\/#website\"},\"primaryImageOfPage\":{\"@id\":\"https:\/\/associata-ev.de\/verein\/vereinsaktivitaeten-seit-gruendung\/#primaryimage\"},\"image\":{\"@id\":\"https:\/\/associata-ev.de\/verein\/vereinsaktivitaeten-seit-gruendung\/#primaryimage\"},\"thumbnailUrl\":\"https:\/\/associata-ev.de\/wp-content\/uploads\/2024\/07\/Diversity-1024x683.jpg\",\"datePublished\":\"2024-07-29T14:21:06+00:00\",\"dateModified\":\"2024-07-29T15:27:07+00:00\",\"description\":\"Associata-e.V. Vereinsaktivit\u00e4ten seit Gr\u00fcndung\",\"breadcrumb\":{\"@id\":\"https:\/\/associata-ev.de\/verein\/vereinsaktivitaeten-seit-gruendung\/#breadcrumb\"},\"inLanguage\":\"de\",\"potentialAction\":[{\"@type\":\"ReadAction\",\"target\":[\"https:\/\/associata-ev.de\/verein\/vereinsaktivitaeten-seit-gruendung\/\"]}]},{\"@type\":\"ImageObject\",\"inLanguage\":\"de\",\"@id\":\"https:\/\/associata-ev.de\/verein\/vereinsaktivitaeten-seit-gruendung\/#primaryimage\",\"url\":\"https:\/\/associata-ev.de\/wp-content\/uploads\/2024\/07\/Diversity-1024x683.jpg\",\"contentUrl\":\"https:\/\/associata-ev.de\/wp-content\/uploads\/2024\/07\/Diversity-1024x683.jpg\"},{\"@type\":\"BreadcrumbList\",\"@id\":\"https:\/\/associata-ev.de\/verein\/vereinsaktivitaeten-seit-gruendung\/#breadcrumb\",\"itemListElement\":[{\"@type\":\"ListItem\",\"position\":1,\"name\":\"Verein\",\"item\":\"https:\/\/associata-ev.de\/verein\/\"},{\"@type\":\"ListItem\",\"position\":2,\"name\":\"Vereinsaktivit\u00e4ten seit Gr\u00fcndung\"}]},{\"@type\":\"WebSite\",\"@id\":\"https:\/\/associata-ev.de\/verein\/#website\",\"url\":\"https:\/\/associata-ev.de\/verein\/\",\"name\":\"Associata-e.V.\",\"description\":\"\",\"publisher\":{\"@id\":\"https:\/\/associata-ev.de\/verein\/#organization\"},\"potentialAction\":[{\"@type\":\"SearchAction\",\"target\":{\"@type\":\"EntryPoint\",\"urlTemplate\":\"https:\/\/associata-ev.de\/verein\/?s={search_term_string}\"},\"query-input\":{\"@type\":\"PropertyValueSpecification\",\"valueRequired\":true,\"valueName\":\"search_term_string\"}}],\"inLanguage\":\"de\"},{\"@type\":\"Organization\",\"@id\":\"https:\/\/associata-ev.de\/verein\/#organization\",\"name\":\"Associata e.V.\",\"url\":\"https:\/\/associata-ev.de\/verein\/\",\"logo\":{\"@type\":\"ImageObject\",\"inLanguage\":\"de\",\"@id\":\"https:\/\/associata-ev.de\/verein\/#\/schema\/logo\/image\/\",\"url\":\"https:\/\/associata-ev.de\/wp-content\/uploads\/2023\/03\/IMG-20230312-WA0021-2.png\",\"contentUrl\":\"https:\/\/associata-ev.de\/wp-content\/uploads\/2023\/03\/IMG-20230312-WA0021-2.png\",\"width\":1200,\"height\":297,\"caption\":\"Associata e.V.\"},\"image\":{\"@id\":\"https:\/\/associata-ev.de\/verein\/#\/schema\/logo\/image\/\"}},{\"@type\":\"Person\",\"@id\":\"https:\/\/associata-ev.de\/verein\/#\/schema\/person\/e73782c4f0cecc6663b33b456118525f\",\"name\":\"ReneKnopp\",\"image\":{\"@type\":\"ImageObject\",\"inLanguage\":\"de\",\"@id\":\"https:\/\/associata-ev.de\/verein\/#\/schema\/person\/image\/\",\"url\":\"https:\/\/secure.gravatar.com\/avatar\/79a2e70279472c96f215f3e85d1f1152ef5abd1cbb4778b50af4e74cf37c6ea1?s=96&d=mm&r=g\",\"contentUrl\":\"https:\/\/secure.gravatar.com\/avatar\/79a2e70279472c96f215f3e85d1f1152ef5abd1cbb4778b50af4e74cf37c6ea1?s=96&d=mm&r=g\",\"caption\":\"ReneKnopp\"},\"sameAs\":[\"https:\/\/associata-ev.de\"],\"url\":\"https:\/\/associata-ev.de\/verein\/author\/reneknopp\/\"}]}<\/script>\n<!-- \/ Yoast SEO plugin. -->","yoast_head_json":{"title":"Vereinsaktivit\u00e4ten seit Gr\u00fcndung - Associata-e.V.","description":"Associata-e.V. Vereinsaktivit\u00e4ten seit Gr\u00fcndung","robots":{"index":"index","follow":"follow","max-snippet":"max-snippet:-1","max-image-preview":"max-image-preview:large","max-video-preview":"max-video-preview:-1"},"canonical":"https:\/\/associata-ev.de\/verein\/vereinsaktivitaeten-seit-gruendung\/","og_locale":"de_DE","og_type":"article","og_title":"Vereinsaktivit\u00e4ten seit Gr\u00fcndung - Associata-e.V.","og_description":"Associata-e.V. Vereinsaktivit\u00e4ten seit Gr\u00fcndung","og_url":"https:\/\/associata-ev.de\/verein\/vereinsaktivitaeten-seit-gruendung\/","og_site_name":"Associata-e.V.","article_modified_time":"2024-07-29T15:27:07+00:00","og_image":[{"url":"https:\/\/associata-ev.de\/wp-content\/uploads\/2024\/07\/Diversity-1024x683.jpg","type":"","width":"","height":""}],"twitter_card":"summary_large_image","twitter_misc":{"Gesch\u00e4tzte Lesezeit":"4\u00a0Minuten"},"schema":{"@context":"https:\/\/schema.org","@graph":[{"@type":["Article","BlogPosting"],"@id":"https:\/\/associata-ev.de\/verein\/vereinsaktivitaeten-seit-gruendung\/#article","isPartOf":{"@id":"https:\/\/associata-ev.de\/verein\/vereinsaktivitaeten-seit-gruendung\/"},"author":{"name":"ReneKnopp","@id":"https:\/\/associata-ev.de\/verein\/#\/schema\/person\/e73782c4f0cecc6663b33b456118525f"},"headline":"Vereinsaktivit\u00e4ten seit Gr\u00fcndung","datePublished":"2024-07-29T14:21:06+00:00","dateModified":"2024-07-29T15:27:07+00:00","mainEntityOfPage":{"@id":"https:\/\/associata-ev.de\/verein\/vereinsaktivitaeten-seit-gruendung\/"},"wordCount":667,"publisher":{"@id":"https:\/\/associata-ev.de\/verein\/#organization"},"image":{"@id":"https:\/\/associata-ev.de\/verein\/vereinsaktivitaeten-seit-gruendung\/#primaryimage"},"thumbnailUrl":"https:\/\/associata-ev.de\/wp-content\/uploads\/2024\/07\/Diversity-1024x683.jpg","inLanguage":"de"},{"@type":"WebPage","@id":"https:\/\/associata-ev.de\/verein\/vereinsaktivitaeten-seit-gruendung\/","url":"https:\/\/associata-ev.de\/verein\/vereinsaktivitaeten-seit-gruendung\/","name":"Vereinsaktivit\u00e4ten seit Gr\u00fcndung - Associata-e.V.","isPartOf":{"@id":"https:\/\/associata-ev.de\/verein\/#website"},"primaryImageOfPage":{"@id":"https:\/\/associata-ev.de\/verein\/vereinsaktivitaeten-seit-gruendung\/#primaryimage"},"image":{"@id":"https:\/\/associata-ev.de\/verein\/vereinsaktivitaeten-seit-gruendung\/#primaryimage"},"thumbnailUrl":"https:\/\/associata-ev.de\/wp-content\/uploads\/2024\/07\/Diversity-1024x683.jpg","datePublished":"2024-07-29T14:21:06+00:00","dateModified":"2024-07-29T15:27:07+00:00","description":"Associata-e.V. Vereinsaktivit\u00e4ten seit Gr\u00fcndung","breadcrumb":{"@id":"https:\/\/associata-ev.de\/verein\/vereinsaktivitaeten-seit-gruendung\/#breadcrumb"},"inLanguage":"de","potentialAction":[{"@type":"ReadAction","target":["https:\/\/associata-ev.de\/verein\/vereinsaktivitaeten-seit-gruendung\/"]}]},{"@type":"ImageObject","inLanguage":"de","@id":"https:\/\/associata-ev.de\/verein\/vereinsaktivitaeten-seit-gruendung\/#primaryimage","url":"https:\/\/associata-ev.de\/wp-content\/uploads\/2024\/07\/Diversity-1024x683.jpg","contentUrl":"https:\/\/associata-ev.de\/wp-content\/uploads\/2024\/07\/Diversity-1024x683.jpg"},{"@type":"BreadcrumbList","@id":"https:\/\/associata-ev.de\/verein\/vereinsaktivitaeten-seit-gruendung\/#breadcrumb","itemListElement":[{"@type":"ListItem","position":1,"name":"Verein","item":"https:\/\/associata-ev.de\/verein\/"},{"@type":"ListItem","position":2,"name":"Vereinsaktivit\u00e4ten seit Gr\u00fcndung"}]},{"@type":"WebSite","@id":"https:\/\/associata-ev.de\/verein\/#website","url":"https:\/\/associata-ev.de\/verein\/","name":"Associata-e.V.","description":"","publisher":{"@id":"https:\/\/associata-ev.de\/verein\/#organization"},"potentialAction":[{"@type":"SearchAction","target":{"@type":"EntryPoint","urlTemplate":"https:\/\/associata-ev.de\/verein\/?s={search_term_string}"},"query-input":{"@type":"PropertyValueSpecification","valueRequired":true,"valueName":"search_term_string"}}],"inLanguage":"de"},{"@type":"Organization","@id":"https:\/\/associata-ev.de\/verein\/#organization","name":"Associata e.V.","url":"https:\/\/associata-ev.de\/verein\/","logo":{"@type":"ImageObject","inLanguage":"de","@id":"https:\/\/associata-ev.de\/verein\/#\/schema\/logo\/image\/","url":"https:\/\/associata-ev.de\/wp-content\/uploads\/2023\/03\/IMG-20230312-WA0021-2.png","contentUrl":"https:\/\/associata-ev.de\/wp-content\/uploads\/2023\/03\/IMG-20230312-WA0021-2.png","width":1200,"height":297,"caption":"Associata e.V."},"image":{"@id":"https:\/\/associata-ev.de\/verein\/#\/schema\/logo\/image\/"}},{"@type":"Person","@id":"https:\/\/associata-ev.de\/verein\/#\/schema\/person\/e73782c4f0cecc6663b33b456118525f","name":"ReneKnopp","image":{"@type":"ImageObject","inLanguage":"de","@id":"https:\/\/associata-ev.de\/verein\/#\/schema\/person\/image\/","url":"https:\/\/secure.gravatar.com\/avatar\/79a2e70279472c96f215f3e85d1f1152ef5abd1cbb4778b50af4e74cf37c6ea1?s=96&d=mm&r=g","contentUrl":"https:\/\/secure.gravatar.com\/avatar\/79a2e70279472c96f215f3e85d1f1152ef5abd1cbb4778b50af4e74cf37c6ea1?s=96&d=mm&r=g","caption":"ReneKnopp"},"sameAs":["https:\/\/associata-ev.de"],"url":"https:\/\/associata-ev.de\/verein\/author\/reneknopp\/"}]}},"_links":{"self":[{"href":"https:\/\/associata-ev.de\/verein\/wp-json\/wp\/v2\/pages\/2159","targetHints":{"allow":["GET"]}}],"collection":[{"href":"https:\/\/associata-ev.de\/verein\/wp-json\/wp\/v2\/pages"}],"about":[{"href":"https:\/\/associata-ev.de\/verein\/wp-json\/wp\/v2\/types\/page"}],"author":[{"embeddable":true,"href":"https:\/\/associata-ev.de\/verein\/wp-json\/wp\/v2\/users\/1"}],"replies":[{"embeddable":true,"href":"https:\/\/associata-ev.de\/verein\/wp-json\/wp\/v2\/comments?post=2159"}],"version-history":[{"count":2,"href":"https:\/\/associata-ev.de\/verein\/wp-json\/wp\/v2\/pages\/2159\/revisions"}],"predecessor-version":[{"id":2164,"href":"https:\/\/associata-ev.de\/verein\/wp-json\/wp\/v2\/pages\/2159\/revisions\/2164"}],"wp:attachment":[{"href":"https:\/\/associata-ev.de\/verein\/wp-json\/wp\/v2\/media?parent=2159"}],"curies":[{"name":"wp","href":"https:\/\/api.w.org\/{rel}","templated":true}]}}