{"id":344,"date":"2023-03-11T20:25:55","date_gmt":"2023-03-11T19:25:55","guid":{"rendered":"https:\/\/associata-ev.de\/?page_id=344"},"modified":"2024-05-23T15:25:14","modified_gmt":"2024-05-23T13:25:14","slug":"was-ist-ein-assistenzhund","status":"publish","type":"page","link":"https:\/\/associata-ev.de\/verein\/was-ist-ein-assistenzhund\/","title":{"rendered":"Was ist ein Assistenzhund"},"content":{"rendered":"\n<div class=\"wp-block-columns is-layout-flex wp-container-core-columns-is-layout-9d6595d7 wp-block-columns-is-layout-flex\">\n<div class=\"wp-block-column is-layout-flow wp-block-column-is-layout-flow\" style=\"flex-basis:33.33%\"><\/div>\n\n\n\n<div class=\"wp-block-column is-layout-flow wp-block-column-is-layout-flow\" style=\"flex-basis:66.66%\">\n<p><span dir=\"ltr\" role=\"presentation\">Als Assistenzhunde werden Hunde eingesetzt, die aufgrund ihrer speziellen Ausbildung dazu <\/span><span dir=\"ltr\" role=\"presentation\">beitragen, Menschen mit Behinderungen die selbstbestimmte Teilhabe am gesellschaftlichen <\/span><span dir=\"ltr\" role=\"presentation\">Leben zu erm\u00f6glichen, zu erleichtern oder behinderungsbedingte Nachteile auszugleichen <\/span><span dir=\"ltr\" role=\"presentation\">Assistenzhunde lassen sich anhand der Hilfeleistungen, die sie f\u00fcr einen Menschen mit <\/span><span dir=\"ltr\" role=\"presentation\">Behinderung erbringen, in folgende Assistenzhundearten einteilen:<\/span><\/p>\n<\/div>\n<\/div>\n\n\n\n<div class=\"wp-block-columns is-layout-flex wp-container-core-columns-is-layout-9d6595d7 wp-block-columns-is-layout-flex\">\n<div class=\"wp-block-column is-layout-flow wp-block-column-is-layout-flow\" style=\"flex-basis:33.33%\">\n<h5 style=\"text-align: right;\">Blindenf\u00fchrhund<\/h5>\n<\/div>\n\n\n\n<div class=\"wp-block-column is-layout-flow wp-block-column-is-layout-flow\" style=\"flex-basis:66.66%\">\n<p style=\"text-align: left;\"><span dir=\"ltr\" role=\"presentation\">Assistenzhund f\u00fcr Menschen mit Blindheit oder sehr starker<\/span><br role=\"presentation\" \/><span dir=\"ltr\" role=\"presentation\">Beeintr\u00e4chtigung des Sehverm\u00f6gens<\/span><\/p>\n<\/div>\n<\/div>\n\n\n\n<div class=\"wp-block-columns is-layout-flex wp-container-core-columns-is-layout-9d6595d7 wp-block-columns-is-layout-flex\">\n<div class=\"wp-block-column is-layout-flow wp-block-column-is-layout-flow\" style=\"flex-basis:33.33%\">\n<h5 style=\"text-align: right;\">Mobilit\u00e4ts-Assistenzhund<\/h5>\n<\/div>\n\n\n\n<div class=\"wp-block-column is-layout-flow wp-block-column-is-layout-flow\" style=\"flex-basis:66.66%\">\n<p style=\"text-align: left;\"><span dir=\"ltr\" role=\"presentation\">Assistenzhund f\u00fcr Menschen mit motorischer Beeintr\u00e4chtigung oder<\/span><br role=\"presentation\" \/><span dir=\"ltr\" role=\"presentation\">Mobilit\u00e4tseinschr\u00e4nkung<\/span><\/p>\n<\/div>\n<\/div>\n\n\n\n<div class=\"wp-block-columns is-layout-flex wp-container-core-columns-is-layout-9d6595d7 wp-block-columns-is-layout-flex\">\n<div class=\"wp-block-column is-layout-flow wp-block-column-is-layout-flow\" style=\"flex-basis:33.33%\">\n<h5 style=\"text-align: right;\">Signal-Assistenzhund<\/h5>\n<\/div>\n\n\n\n<div class=\"wp-block-column is-layout-flow wp-block-column-is-layout-flow\" style=\"flex-basis:66.66%\">\n<p style=\"text-align: left;\"><span dir=\"ltr\" role=\"presentation\">Assistenzhund f\u00fcr Menschen mit akustischer<\/span><br role=\"presentation\" \/><span dir=\"ltr\" role=\"presentation\">Wahrnehmungsbeeintr\u00e4chtigung<\/span><\/p>\n<\/div>\n<\/div>\n\n\n\n<div class=\"wp-block-columns is-layout-flex wp-container-core-columns-is-layout-9d6595d7 wp-block-columns-is-layout-flex\">\n<div class=\"wp-block-column is-layout-flow wp-block-column-is-layout-flow\" style=\"flex-basis:33.33%\">\n<h5 style=\"text-align: right;\">Warn-\/Anzeige-Assistenzhund<\/h5>\n<\/div>\n\n\n\n<div class=\"wp-block-column is-layout-flow wp-block-column-is-layout-flow\" style=\"flex-basis:66.66%\">\n<p style=\"text-align: left;\"><span dir=\"ltr\" role=\"presentation\">Assistenzhund f\u00fcr Menschen mit stoffwechselbedingten<\/span><br role=\"presentation\" \/><span dir=\"ltr\" role=\"presentation\">Beeintr\u00e4chtigungen oder f\u00fcr Menschen mit neurologisch, Stoffwechsel-<\/span><br role=\"presentation\" \/><span dir=\"ltr\" role=\"presentation\">oder systemisch bedingten Anfallserkrankungen<\/span><\/p>\n<\/div>\n<\/div>\n\n\n\n<div class=\"wp-block-columns is-layout-flex wp-container-core-columns-is-layout-9d6595d7 wp-block-columns-is-layout-flex\">\n<div class=\"wp-block-column is-layout-flow wp-block-column-is-layout-flow\" style=\"flex-basis:33.33%\">\n<h5 style=\"text-align: right;\">PSB-Assistenzhund<\/h5>\n<\/div>\n\n\n\n<div class=\"wp-block-column is-layout-flow wp-block-column-is-layout-flow\" style=\"flex-basis:66.66%\">\n<p style=\"text-align: left;\">Assistenzhunde f\u00fcr Menschen mit psychosozialen Beeintr\u00e4chtigungen<\/p>\n<\/div>\n<\/div>\n\n\n\n<div class=\"wp-block-columns is-layout-flex wp-container-core-columns-is-layout-9d6595d7 wp-block-columns-is-layout-flex\"><\/div>\n","protected":false},"excerpt":{"rendered":"<p>Als Assistenzhunde werden Hunde eingesetzt, die aufgrund ihrer speziellen Ausbildung dazu beitragen, Menschen mit Behinderungen die selbstbestimmte Teilhabe am gesellschaftlichen Leben zu erm\u00f6glichen, zu erleichtern oder behinderungsbedingte Nachteile auszugleichen Assistenzhunde lassen sich anhand der Hilfeleistungen, die sie f\u00fcr einen Menschen mit Behinderung erbringen, in folgende Assistenzhundearten einteilen: Blindenf\u00fchrhund Assistenzhund f\u00fcr Menschen mit Blindheit oder sehr starkerBeeintr\u00e4chtigung des Sehverm\u00f6gens Mobilit\u00e4ts-Assistenzhund Assistenzhund f\u00fcr Menschen mit motorischer Beeintr\u00e4chtigung oderMobilit\u00e4tseinschr\u00e4nkung Signal-Assistenzhund Assistenzhund f\u00fcr Menschen mit akustischerWahrnehmungsbeeintr\u00e4chtigung Warn-\/Anzeige-Assistenzhund Assistenzhund f\u00fcr Menschen mit stoffwechselbedingtenBeeintr\u00e4chtigungen oder f\u00fcr Menschen mit neurologisch, Stoffwechsel-oder systemisch bedingten Anfallserkrankungen PSB-Assistenzhund Assistenzhunde f\u00fcr Menschen mit psychosozialen Beeintr\u00e4chtigungen<\/p>\n","protected":false},"author":1,"featured_media":0,"parent":0,"menu_order":0,"comment_status":"closed","ping_status":"closed","template":"","meta":{"_acf_changed":false,"footnotes":""},"class_list":["post-344","page","type-page","status-publish","hentry"],"acf":[],"yoast_head":"<!-- This site is optimized with the Yoast SEO plugin v26.9 - https:\/\/yoast.com\/product\/yoast-seo-wordpress\/ -->\n<title>Was ist ein Assistenzhund - Associata-e.V.<\/title>\n<meta name=\"description\" content=\"Associata-e.V. Was ist ein Assistenzhund\" \/>\n<meta name=\"robots\" content=\"index, follow, max-snippet:-1, max-image-preview:large, max-video-preview:-1\" \/>\n<link rel=\"canonical\" href=\"https:\/\/associata-ev.de\/verein\/was-ist-ein-assistenzhund\/\" \/>\n<meta property=\"og:locale\" content=\"de_DE\" \/>\n<meta property=\"og:type\" content=\"article\" \/>\n<meta property=\"og:title\" content=\"Was ist ein Assistenzhund - Associata-e.V.\" \/>\n<meta property=\"og:description\" content=\"Associata-e.V. Was ist ein Assistenzhund\" \/>\n<meta property=\"og:url\" content=\"https:\/\/associata-ev.de\/verein\/was-ist-ein-assistenzhund\/\" \/>\n<meta property=\"og:site_name\" content=\"Associata-e.V.\" \/>\n<meta property=\"article:modified_time\" content=\"2024-05-23T13:25:14+00:00\" \/>\n<meta name=\"twitter:card\" content=\"summary_large_image\" \/>\n<meta name=\"twitter:label1\" content=\"Gesch\u00e4tzte Lesezeit\" \/>\n\t<meta name=\"twitter:data1\" content=\"1\u00a0Minute\" \/>\n<script type=\"application\/ld+json\" class=\"yoast-schema-graph\">{\"@context\":\"https:\/\/schema.org\",\"@graph\":[{\"@type\":[\"Article\",\"BlogPosting\"],\"@id\":\"https:\/\/associata-ev.de\/verein\/was-ist-ein-assistenzhund\/#article\",\"isPartOf\":{\"@id\":\"https:\/\/associata-ev.de\/verein\/was-ist-ein-assistenzhund\/\"},\"author\":{\"name\":\"ReneKnopp\",\"@id\":\"https:\/\/associata-ev.de\/verein\/#\/schema\/person\/e73782c4f0cecc6663b33b456118525f\"},\"headline\":\"Was ist ein Assistenzhund\",\"datePublished\":\"2023-03-11T19:25:55+00:00\",\"dateModified\":\"2024-05-23T13:25:14+00:00\",\"mainEntityOfPage\":{\"@id\":\"https:\/\/associata-ev.de\/verein\/was-ist-ein-assistenzhund\/\"},\"wordCount\":122,\"publisher\":{\"@id\":\"https:\/\/associata-ev.de\/verein\/#organization\"},\"inLanguage\":\"de\"},{\"@type\":\"WebPage\",\"@id\":\"https:\/\/associata-ev.de\/verein\/was-ist-ein-assistenzhund\/\",\"url\":\"https:\/\/associata-ev.de\/verein\/was-ist-ein-assistenzhund\/\",\"name\":\"Was ist ein Assistenzhund - Associata-e.V.\",\"isPartOf\":{\"@id\":\"https:\/\/associata-ev.de\/verein\/#website\"},\"datePublished\":\"2023-03-11T19:25:55+00:00\",\"dateModified\":\"2024-05-23T13:25:14+00:00\",\"description\":\"Associata-e.V. Was ist ein Assistenzhund\",\"breadcrumb\":{\"@id\":\"https:\/\/associata-ev.de\/verein\/was-ist-ein-assistenzhund\/#breadcrumb\"},\"inLanguage\":\"de\",\"potentialAction\":[{\"@type\":\"ReadAction\",\"target\":[\"https:\/\/associata-ev.de\/verein\/was-ist-ein-assistenzhund\/\"]}]},{\"@type\":\"BreadcrumbList\",\"@id\":\"https:\/\/associata-ev.de\/verein\/was-ist-ein-assistenzhund\/#breadcrumb\",\"itemListElement\":[{\"@type\":\"ListItem\",\"position\":1,\"name\":\"Verein\",\"item\":\"https:\/\/associata-ev.de\/verein\/\"},{\"@type\":\"ListItem\",\"position\":2,\"name\":\"Was ist ein Assistenzhund\"}]},{\"@type\":\"WebSite\",\"@id\":\"https:\/\/associata-ev.de\/verein\/#website\",\"url\":\"https:\/\/associata-ev.de\/verein\/\",\"name\":\"Associata-e.V.\",\"description\":\"\",\"publisher\":{\"@id\":\"https:\/\/associata-ev.de\/verein\/#organization\"},\"potentialAction\":[{\"@type\":\"SearchAction\",\"target\":{\"@type\":\"EntryPoint\",\"urlTemplate\":\"https:\/\/associata-ev.de\/verein\/?s={search_term_string}\"},\"query-input\":{\"@type\":\"PropertyValueSpecification\",\"valueRequired\":true,\"valueName\":\"search_term_string\"}}],\"inLanguage\":\"de\"},{\"@type\":\"Organization\",\"@id\":\"https:\/\/associata-ev.de\/verein\/#organization\",\"name\":\"Associata e.V.\",\"url\":\"https:\/\/associata-ev.de\/verein\/\",\"logo\":{\"@type\":\"ImageObject\",\"inLanguage\":\"de\",\"@id\":\"https:\/\/associata-ev.de\/verein\/#\/schema\/logo\/image\/\",\"url\":\"https:\/\/associata-ev.de\/wp-content\/uploads\/2023\/03\/IMG-20230312-WA0021-2.png\",\"contentUrl\":\"https:\/\/associata-ev.de\/wp-content\/uploads\/2023\/03\/IMG-20230312-WA0021-2.png\",\"width\":1200,\"height\":297,\"caption\":\"Associata e.V.\"},\"image\":{\"@id\":\"https:\/\/associata-ev.de\/verein\/#\/schema\/logo\/image\/\"}},{\"@type\":\"Person\",\"@id\":\"https:\/\/associata-ev.de\/verein\/#\/schema\/person\/e73782c4f0cecc6663b33b456118525f\",\"name\":\"ReneKnopp\",\"image\":{\"@type\":\"ImageObject\",\"inLanguage\":\"de\",\"@id\":\"https:\/\/associata-ev.de\/verein\/#\/schema\/person\/image\/\",\"url\":\"https:\/\/secure.gravatar.com\/avatar\/79a2e70279472c96f215f3e85d1f1152ef5abd1cbb4778b50af4e74cf37c6ea1?s=96&d=mm&r=g\",\"contentUrl\":\"https:\/\/secure.gravatar.com\/avatar\/79a2e70279472c96f215f3e85d1f1152ef5abd1cbb4778b50af4e74cf37c6ea1?s=96&d=mm&r=g\",\"caption\":\"ReneKnopp\"},\"sameAs\":[\"https:\/\/associata-ev.de\"],\"url\":\"https:\/\/associata-ev.de\/verein\/author\/reneknopp\/\"}]}<\/script>\n<!-- \/ Yoast SEO plugin. -->","yoast_head_json":{"title":"Was ist ein Assistenzhund - Associata-e.V.","description":"Associata-e.V. Was ist ein Assistenzhund","robots":{"index":"index","follow":"follow","max-snippet":"max-snippet:-1","max-image-preview":"max-image-preview:large","max-video-preview":"max-video-preview:-1"},"canonical":"https:\/\/associata-ev.de\/verein\/was-ist-ein-assistenzhund\/","og_locale":"de_DE","og_type":"article","og_title":"Was ist ein Assistenzhund - Associata-e.V.","og_description":"Associata-e.V. Was ist ein Assistenzhund","og_url":"https:\/\/associata-ev.de\/verein\/was-ist-ein-assistenzhund\/","og_site_name":"Associata-e.V.","article_modified_time":"2024-05-23T13:25:14+00:00","twitter_card":"summary_large_image","twitter_misc":{"Gesch\u00e4tzte Lesezeit":"1\u00a0Minute"},"schema":{"@context":"https:\/\/schema.org","@graph":[{"@type":["Article","BlogPosting"],"@id":"https:\/\/associata-ev.de\/verein\/was-ist-ein-assistenzhund\/#article","isPartOf":{"@id":"https:\/\/associata-ev.de\/verein\/was-ist-ein-assistenzhund\/"},"author":{"name":"ReneKnopp","@id":"https:\/\/associata-ev.de\/verein\/#\/schema\/person\/e73782c4f0cecc6663b33b456118525f"},"headline":"Was ist ein Assistenzhund","datePublished":"2023-03-11T19:25:55+00:00","dateModified":"2024-05-23T13:25:14+00:00","mainEntityOfPage":{"@id":"https:\/\/associata-ev.de\/verein\/was-ist-ein-assistenzhund\/"},"wordCount":122,"publisher":{"@id":"https:\/\/associata-ev.de\/verein\/#organization"},"inLanguage":"de"},{"@type":"WebPage","@id":"https:\/\/associata-ev.de\/verein\/was-ist-ein-assistenzhund\/","url":"https:\/\/associata-ev.de\/verein\/was-ist-ein-assistenzhund\/","name":"Was ist ein Assistenzhund - Associata-e.V.","isPartOf":{"@id":"https:\/\/associata-ev.de\/verein\/#website"},"datePublished":"2023-03-11T19:25:55+00:00","dateModified":"2024-05-23T13:25:14+00:00","description":"Associata-e.V. Was ist ein Assistenzhund","breadcrumb":{"@id":"https:\/\/associata-ev.de\/verein\/was-ist-ein-assistenzhund\/#breadcrumb"},"inLanguage":"de","potentialAction":[{"@type":"ReadAction","target":["https:\/\/associata-ev.de\/verein\/was-ist-ein-assistenzhund\/"]}]},{"@type":"BreadcrumbList","@id":"https:\/\/associata-ev.de\/verein\/was-ist-ein-assistenzhund\/#breadcrumb","itemListElement":[{"@type":"ListItem","position":1,"name":"Verein","item":"https:\/\/associata-ev.de\/verein\/"},{"@type":"ListItem","position":2,"name":"Was ist ein Assistenzhund"}]},{"@type":"WebSite","@id":"https:\/\/associata-ev.de\/verein\/#website","url":"https:\/\/associata-ev.de\/verein\/","name":"Associata-e.V.","description":"","publisher":{"@id":"https:\/\/associata-ev.de\/verein\/#organization"},"potentialAction":[{"@type":"SearchAction","target":{"@type":"EntryPoint","urlTemplate":"https:\/\/associata-ev.de\/verein\/?s={search_term_string}"},"query-input":{"@type":"PropertyValueSpecification","valueRequired":true,"valueName":"search_term_string"}}],"inLanguage":"de"},{"@type":"Organization","@id":"https:\/\/associata-ev.de\/verein\/#organization","name":"Associata e.V.","url":"https:\/\/associata-ev.de\/verein\/","logo":{"@type":"ImageObject","inLanguage":"de","@id":"https:\/\/associata-ev.de\/verein\/#\/schema\/logo\/image\/","url":"https:\/\/associata-ev.de\/wp-content\/uploads\/2023\/03\/IMG-20230312-WA0021-2.png","contentUrl":"https:\/\/associata-ev.de\/wp-content\/uploads\/2023\/03\/IMG-20230312-WA0021-2.png","width":1200,"height":297,"caption":"Associata e.V."},"image":{"@id":"https:\/\/associata-ev.de\/verein\/#\/schema\/logo\/image\/"}},{"@type":"Person","@id":"https:\/\/associata-ev.de\/verein\/#\/schema\/person\/e73782c4f0cecc6663b33b456118525f","name":"ReneKnopp","image":{"@type":"ImageObject","inLanguage":"de","@id":"https:\/\/associata-ev.de\/verein\/#\/schema\/person\/image\/","url":"https:\/\/secure.gravatar.com\/avatar\/79a2e70279472c96f215f3e85d1f1152ef5abd1cbb4778b50af4e74cf37c6ea1?s=96&d=mm&r=g","contentUrl":"https:\/\/secure.gravatar.com\/avatar\/79a2e70279472c96f215f3e85d1f1152ef5abd1cbb4778b50af4e74cf37c6ea1?s=96&d=mm&r=g","caption":"ReneKnopp"},"sameAs":["https:\/\/associata-ev.de"],"url":"https:\/\/associata-ev.de\/verein\/author\/reneknopp\/"}]}},"_links":{"self":[{"href":"https:\/\/associata-ev.de\/verein\/wp-json\/wp\/v2\/pages\/344","targetHints":{"allow":["GET"]}}],"collection":[{"href":"https:\/\/associata-ev.de\/verein\/wp-json\/wp\/v2\/pages"}],"about":[{"href":"https:\/\/associata-ev.de\/verein\/wp-json\/wp\/v2\/types\/page"}],"author":[{"embeddable":true,"href":"https:\/\/associata-ev.de\/verein\/wp-json\/wp\/v2\/users\/1"}],"replies":[{"embeddable":true,"href":"https:\/\/associata-ev.de\/verein\/wp-json\/wp\/v2\/comments?post=344"}],"version-history":[{"count":9,"href":"https:\/\/associata-ev.de\/verein\/wp-json\/wp\/v2\/pages\/344\/revisions"}],"predecessor-version":[{"id":2114,"href":"https:\/\/associata-ev.de\/verein\/wp-json\/wp\/v2\/pages\/344\/revisions\/2114"}],"wp:attachment":[{"href":"https:\/\/associata-ev.de\/verein\/wp-json\/wp\/v2\/media?parent=344"}],"curies":[{"name":"wp","href":"https:\/\/api.w.org\/{rel}","templated":true}]}}