{"id":346,"date":"2023-03-11T20:27:06","date_gmt":"2023-03-11T19:27:06","guid":{"rendered":"https:\/\/associata-ev.de\/?page_id=346"},"modified":"2023-08-15T10:53:08","modified_gmt":"2023-08-15T08:53:08","slug":"assistenzhund-verordnung","status":"publish","type":"page","link":"https:\/\/associata-ev.de\/verein\/assistenzhund-verordnung\/","title":{"rendered":"Assistenzhund-Verordnung"},"content":{"rendered":"\n<div class=\"wp-block-columns is-layout-flex wp-container-core-columns-is-layout-9d6595d7 wp-block-columns-is-layout-flex\">\n<div class=\"wp-block-column is-layout-flow wp-block-column-is-layout-flow\">\n<div style=\"text-align: justify;\">\n<p><span dir=\"ltr\" role=\"presentation\">Menschen in Begleitung ihres Assistenzhundes haben aufgrund gesetzlicher Vorschrift im Behindertengleichstellungsgesetz (Abschnitt 2 \u00a7\u00a7 12 e ff BGG) \u00fcberall auch dort Zutritt, wo Hunde sonst verboten sind. Die Vorschriften des BGG regeln auch Beschaffenheit, Ausbildung, Pr\u00fcfung und Haltung der Hunde. Die Vorschriften des BGG sind am 01.07.2021 in Kraft getreten. Um das Zutrittsrecht in Anspruch nehmen zu k\u00f6nnen, muss der Assistenzhund ausgebildet, gepr\u00fcft und zugelassen sein. Die Assistenzhunde-Verordnung (AHundV) des Bundesministeriums f\u00fcr Arbeit und Soziales (BMAS) konkretisiert die gesetzlichen Regelungen des BGG. Die Verordnung regelt die Anforderungen an die Eignung als Assistenzhund, die Ausbildung und Pr\u00fcfung von Assistenzhunden und Mensch-Assistenzhund-Teams sowie die Zulassung von Ausbildungsst\u00e4tten und Pr\u00fcfern. Ferner enth\u00e4lt die Verordnung eine \u00dcbergangsregelung f\u00fcr heute bereits ausgebildete und gepr\u00fcfte Assistenzhunde sowie f\u00fcr Assistenzhunde, die sich vor dem 1. Juli 2023 in Ausbildung befinden und bis zum 30. Juni 2024 gepr\u00fcft werden. Schlie\u00dflich sieht die Verordnung eine einheitliche Kennzeichnung aller Assistenzhunde vor.<\/span><\/p>\n<p><span dir=\"ltr\" role=\"presentation\">Das BMAS hat auf seiner Homepage einen umfangreichen Frage &#8211; und Antwort &#8211; Katalog zu der Assistenzhunde-Verordnung ver\u00f6ffentlicht. <\/span><br role=\"presentation\" \/><a href=\"https:\/\/www.bmas.de\/DE\/Service\/Gesetze-und-Gesetzesvorhaben\/assistenzhundeverordnung.html\" target=\"_blank\" rel=\"noopener\">Assistenzhundeverordnung<\/a><\/p>\n<p><span dir=\"ltr\" role=\"presentation\">Die Regelungen des BGG und der AHundV sollen durch eine vom Bundestag in Auftrag gegebene Evaluationsstudie \u00fcberpr\u00fcft werden. In Vorbereitung dieser Studie hat das BMAS zun\u00e4chst eine Machbarkeitsstudie in Auftrag gegeben. <\/span><br role=\"presentation\" \/><a href=\"https:\/\/www.bmas.de\/DE\/Service\/Publikationen\/Forschungsberichte\/fb-621-abschlussbericht-assistenzhunde.html\" target=\"_blank\" rel=\"noopener\">Machbarkeitsstudie zur Vorbereitung einer Evaluation der Regelungen zu Assistenzhunden nach<br \/>\u00a7 12k des Gesetzes zur Gleichstellung von Menschen mit Behinderungen (BGG)<\/a><\/p>\n<\/div>\n<\/div>\n<\/div>\n","protected":false},"excerpt":{"rendered":"<p>Menschen in Begleitung ihres Assistenzhundes haben aufgrund gesetzlicher Vorschrift im Behindertengleichstellungsgesetz (Abschnitt 2 \u00a7\u00a7 12 e ff BGG) \u00fcberall auch dort Zutritt, wo Hunde sonst verboten sind. Die Vorschriften des BGG regeln auch Beschaffenheit, Ausbildung, Pr\u00fcfung und Haltung der Hunde. Die Vorschriften des BGG sind am 01.07.2021 in Kraft getreten. Um das Zutrittsrecht in Anspruch nehmen zu k\u00f6nnen, muss der Assistenzhund ausgebildet, gepr\u00fcft und zugelassen sein. Die Assistenzhunde-Verordnung (AHundV) des Bundesministeriums f\u00fcr Arbeit und Soziales (BMAS) konkretisiert die gesetzlichen Regelungen des BGG. Die Verordnung regelt die Anforderungen an die Eignung als Assistenzhund, die Ausbildung und Pr\u00fcfung von Assistenzhunden und Mensch-Assistenzhund-Teams sowie die Zulassung von Ausbildungsst\u00e4tten und Pr\u00fcfern. Ferner enth\u00e4lt die Verordnung eine \u00dcbergangsregelung f\u00fcr heute bereits ausgebildete und gepr\u00fcfte Assistenzhunde sowie f\u00fcr Assistenzhunde, die sich vor dem 1. Juli 2023 in Ausbildung befinden und bis zum 30. Juni 2024 gepr\u00fcft werden. Schlie\u00dflich sieht die Verordnung eine einheitliche Kennzeichnung aller Assistenzhunde vor. Das BMAS hat auf seiner Homepage einen umfangreichen Frage &#8211; und Antwort &#8211; Katalog zu der Assistenzhunde-Verordnung ver\u00f6ffentlicht. Assistenzhundeverordnung Die Regelungen des BGG und der AHundV sollen durch eine vom Bundestag in Auftrag gegebene Evaluationsstudie \u00fcberpr\u00fcft werden. In Vorbereitung dieser Studie hat das BMAS zun\u00e4chst eine Machbarkeitsstudie in Auftrag gegeben. Machbarkeitsstudie zur Vorbereitung einer Evaluation der Regelungen zu Assistenzhunden nach\u00a7 12k des Gesetzes zur Gleichstellung von Menschen mit Behinderungen (BGG)<\/p>\n","protected":false},"author":1,"featured_media":0,"parent":0,"menu_order":0,"comment_status":"closed","ping_status":"closed","template":"","meta":{"_acf_changed":false,"footnotes":""},"class_list":["post-346","page","type-page","status-publish","hentry"],"acf":[],"yoast_head":"<!-- This site is optimized with the Yoast SEO plugin v26.9 - https:\/\/yoast.com\/product\/yoast-seo-wordpress\/ -->\n<title>Assistenzhund-Verordnung - Associata-e.V.<\/title>\n<meta name=\"description\" content=\"Associata-e.V. Assistenzhund-Verordnung\" \/>\n<meta name=\"robots\" content=\"index, follow, max-snippet:-1, max-image-preview:large, max-video-preview:-1\" \/>\n<link rel=\"canonical\" href=\"https:\/\/associata-ev.de\/verein\/assistenzhund-verordnung\/\" \/>\n<meta property=\"og:locale\" content=\"de_DE\" \/>\n<meta property=\"og:type\" content=\"article\" \/>\n<meta property=\"og:title\" content=\"Assistenzhund-Verordnung - Associata-e.V.\" \/>\n<meta property=\"og:description\" content=\"Associata-e.V. Assistenzhund-Verordnung\" \/>\n<meta property=\"og:url\" content=\"https:\/\/associata-ev.de\/verein\/assistenzhund-verordnung\/\" \/>\n<meta property=\"og:site_name\" content=\"Associata-e.V.\" \/>\n<meta property=\"article:modified_time\" content=\"2023-08-15T08:53:08+00:00\" \/>\n<meta name=\"twitter:card\" content=\"summary_large_image\" \/>\n<meta name=\"twitter:label1\" content=\"Gesch\u00e4tzte Lesezeit\" \/>\n\t<meta name=\"twitter:data1\" content=\"2\u00a0Minuten\" \/>\n<script type=\"application\/ld+json\" class=\"yoast-schema-graph\">{\"@context\":\"https:\/\/schema.org\",\"@graph\":[{\"@type\":[\"Article\",\"BlogPosting\"],\"@id\":\"https:\/\/associata-ev.de\/verein\/assistenzhund-verordnung\/#article\",\"isPartOf\":{\"@id\":\"https:\/\/associata-ev.de\/verein\/assistenzhund-verordnung\/\"},\"author\":{\"name\":\"ReneKnopp\",\"@id\":\"https:\/\/associata-ev.de\/verein\/#\/schema\/person\/e73782c4f0cecc6663b33b456118525f\"},\"headline\":\"Assistenzhund-Verordnung\",\"datePublished\":\"2023-03-11T19:27:06+00:00\",\"dateModified\":\"2023-08-15T08:53:08+00:00\",\"mainEntityOfPage\":{\"@id\":\"https:\/\/associata-ev.de\/verein\/assistenzhund-verordnung\/\"},\"wordCount\":230,\"publisher\":{\"@id\":\"https:\/\/associata-ev.de\/verein\/#organization\"},\"inLanguage\":\"de\"},{\"@type\":\"WebPage\",\"@id\":\"https:\/\/associata-ev.de\/verein\/assistenzhund-verordnung\/\",\"url\":\"https:\/\/associata-ev.de\/verein\/assistenzhund-verordnung\/\",\"name\":\"Assistenzhund-Verordnung - Associata-e.V.\",\"isPartOf\":{\"@id\":\"https:\/\/associata-ev.de\/verein\/#website\"},\"datePublished\":\"2023-03-11T19:27:06+00:00\",\"dateModified\":\"2023-08-15T08:53:08+00:00\",\"description\":\"Associata-e.V. Assistenzhund-Verordnung\",\"breadcrumb\":{\"@id\":\"https:\/\/associata-ev.de\/verein\/assistenzhund-verordnung\/#breadcrumb\"},\"inLanguage\":\"de\",\"potentialAction\":[{\"@type\":\"ReadAction\",\"target\":[\"https:\/\/associata-ev.de\/verein\/assistenzhund-verordnung\/\"]}]},{\"@type\":\"BreadcrumbList\",\"@id\":\"https:\/\/associata-ev.de\/verein\/assistenzhund-verordnung\/#breadcrumb\",\"itemListElement\":[{\"@type\":\"ListItem\",\"position\":1,\"name\":\"Verein\",\"item\":\"https:\/\/associata-ev.de\/verein\/\"},{\"@type\":\"ListItem\",\"position\":2,\"name\":\"Assistenzhund-Verordnung\"}]},{\"@type\":\"WebSite\",\"@id\":\"https:\/\/associata-ev.de\/verein\/#website\",\"url\":\"https:\/\/associata-ev.de\/verein\/\",\"name\":\"Associata-e.V.\",\"description\":\"\",\"publisher\":{\"@id\":\"https:\/\/associata-ev.de\/verein\/#organization\"},\"potentialAction\":[{\"@type\":\"SearchAction\",\"target\":{\"@type\":\"EntryPoint\",\"urlTemplate\":\"https:\/\/associata-ev.de\/verein\/?s={search_term_string}\"},\"query-input\":{\"@type\":\"PropertyValueSpecification\",\"valueRequired\":true,\"valueName\":\"search_term_string\"}}],\"inLanguage\":\"de\"},{\"@type\":\"Organization\",\"@id\":\"https:\/\/associata-ev.de\/verein\/#organization\",\"name\":\"Associata e.V.\",\"url\":\"https:\/\/associata-ev.de\/verein\/\",\"logo\":{\"@type\":\"ImageObject\",\"inLanguage\":\"de\",\"@id\":\"https:\/\/associata-ev.de\/verein\/#\/schema\/logo\/image\/\",\"url\":\"https:\/\/associata-ev.de\/wp-content\/uploads\/2023\/03\/IMG-20230312-WA0021-2.png\",\"contentUrl\":\"https:\/\/associata-ev.de\/wp-content\/uploads\/2023\/03\/IMG-20230312-WA0021-2.png\",\"width\":1200,\"height\":297,\"caption\":\"Associata e.V.\"},\"image\":{\"@id\":\"https:\/\/associata-ev.de\/verein\/#\/schema\/logo\/image\/\"}},{\"@type\":\"Person\",\"@id\":\"https:\/\/associata-ev.de\/verein\/#\/schema\/person\/e73782c4f0cecc6663b33b456118525f\",\"name\":\"ReneKnopp\",\"image\":{\"@type\":\"ImageObject\",\"inLanguage\":\"de\",\"@id\":\"https:\/\/associata-ev.de\/verein\/#\/schema\/person\/image\/\",\"url\":\"https:\/\/secure.gravatar.com\/avatar\/79a2e70279472c96f215f3e85d1f1152ef5abd1cbb4778b50af4e74cf37c6ea1?s=96&d=mm&r=g\",\"contentUrl\":\"https:\/\/secure.gravatar.com\/avatar\/79a2e70279472c96f215f3e85d1f1152ef5abd1cbb4778b50af4e74cf37c6ea1?s=96&d=mm&r=g\",\"caption\":\"ReneKnopp\"},\"sameAs\":[\"https:\/\/associata-ev.de\"],\"url\":\"https:\/\/associata-ev.de\/verein\/author\/reneknopp\/\"}]}<\/script>\n<!-- \/ Yoast SEO plugin. -->","yoast_head_json":{"title":"Assistenzhund-Verordnung - Associata-e.V.","description":"Associata-e.V. Assistenzhund-Verordnung","robots":{"index":"index","follow":"follow","max-snippet":"max-snippet:-1","max-image-preview":"max-image-preview:large","max-video-preview":"max-video-preview:-1"},"canonical":"https:\/\/associata-ev.de\/verein\/assistenzhund-verordnung\/","og_locale":"de_DE","og_type":"article","og_title":"Assistenzhund-Verordnung - Associata-e.V.","og_description":"Associata-e.V. Assistenzhund-Verordnung","og_url":"https:\/\/associata-ev.de\/verein\/assistenzhund-verordnung\/","og_site_name":"Associata-e.V.","article_modified_time":"2023-08-15T08:53:08+00:00","twitter_card":"summary_large_image","twitter_misc":{"Gesch\u00e4tzte Lesezeit":"2\u00a0Minuten"},"schema":{"@context":"https:\/\/schema.org","@graph":[{"@type":["Article","BlogPosting"],"@id":"https:\/\/associata-ev.de\/verein\/assistenzhund-verordnung\/#article","isPartOf":{"@id":"https:\/\/associata-ev.de\/verein\/assistenzhund-verordnung\/"},"author":{"name":"ReneKnopp","@id":"https:\/\/associata-ev.de\/verein\/#\/schema\/person\/e73782c4f0cecc6663b33b456118525f"},"headline":"Assistenzhund-Verordnung","datePublished":"2023-03-11T19:27:06+00:00","dateModified":"2023-08-15T08:53:08+00:00","mainEntityOfPage":{"@id":"https:\/\/associata-ev.de\/verein\/assistenzhund-verordnung\/"},"wordCount":230,"publisher":{"@id":"https:\/\/associata-ev.de\/verein\/#organization"},"inLanguage":"de"},{"@type":"WebPage","@id":"https:\/\/associata-ev.de\/verein\/assistenzhund-verordnung\/","url":"https:\/\/associata-ev.de\/verein\/assistenzhund-verordnung\/","name":"Assistenzhund-Verordnung - Associata-e.V.","isPartOf":{"@id":"https:\/\/associata-ev.de\/verein\/#website"},"datePublished":"2023-03-11T19:27:06+00:00","dateModified":"2023-08-15T08:53:08+00:00","description":"Associata-e.V. Assistenzhund-Verordnung","breadcrumb":{"@id":"https:\/\/associata-ev.de\/verein\/assistenzhund-verordnung\/#breadcrumb"},"inLanguage":"de","potentialAction":[{"@type":"ReadAction","target":["https:\/\/associata-ev.de\/verein\/assistenzhund-verordnung\/"]}]},{"@type":"BreadcrumbList","@id":"https:\/\/associata-ev.de\/verein\/assistenzhund-verordnung\/#breadcrumb","itemListElement":[{"@type":"ListItem","position":1,"name":"Verein","item":"https:\/\/associata-ev.de\/verein\/"},{"@type":"ListItem","position":2,"name":"Assistenzhund-Verordnung"}]},{"@type":"WebSite","@id":"https:\/\/associata-ev.de\/verein\/#website","url":"https:\/\/associata-ev.de\/verein\/","name":"Associata-e.V.","description":"","publisher":{"@id":"https:\/\/associata-ev.de\/verein\/#organization"},"potentialAction":[{"@type":"SearchAction","target":{"@type":"EntryPoint","urlTemplate":"https:\/\/associata-ev.de\/verein\/?s={search_term_string}"},"query-input":{"@type":"PropertyValueSpecification","valueRequired":true,"valueName":"search_term_string"}}],"inLanguage":"de"},{"@type":"Organization","@id":"https:\/\/associata-ev.de\/verein\/#organization","name":"Associata e.V.","url":"https:\/\/associata-ev.de\/verein\/","logo":{"@type":"ImageObject","inLanguage":"de","@id":"https:\/\/associata-ev.de\/verein\/#\/schema\/logo\/image\/","url":"https:\/\/associata-ev.de\/wp-content\/uploads\/2023\/03\/IMG-20230312-WA0021-2.png","contentUrl":"https:\/\/associata-ev.de\/wp-content\/uploads\/2023\/03\/IMG-20230312-WA0021-2.png","width":1200,"height":297,"caption":"Associata e.V."},"image":{"@id":"https:\/\/associata-ev.de\/verein\/#\/schema\/logo\/image\/"}},{"@type":"Person","@id":"https:\/\/associata-ev.de\/verein\/#\/schema\/person\/e73782c4f0cecc6663b33b456118525f","name":"ReneKnopp","image":{"@type":"ImageObject","inLanguage":"de","@id":"https:\/\/associata-ev.de\/verein\/#\/schema\/person\/image\/","url":"https:\/\/secure.gravatar.com\/avatar\/79a2e70279472c96f215f3e85d1f1152ef5abd1cbb4778b50af4e74cf37c6ea1?s=96&d=mm&r=g","contentUrl":"https:\/\/secure.gravatar.com\/avatar\/79a2e70279472c96f215f3e85d1f1152ef5abd1cbb4778b50af4e74cf37c6ea1?s=96&d=mm&r=g","caption":"ReneKnopp"},"sameAs":["https:\/\/associata-ev.de"],"url":"https:\/\/associata-ev.de\/verein\/author\/reneknopp\/"}]}},"_links":{"self":[{"href":"https:\/\/associata-ev.de\/verein\/wp-json\/wp\/v2\/pages\/346","targetHints":{"allow":["GET"]}}],"collection":[{"href":"https:\/\/associata-ev.de\/verein\/wp-json\/wp\/v2\/pages"}],"about":[{"href":"https:\/\/associata-ev.de\/verein\/wp-json\/wp\/v2\/types\/page"}],"author":[{"embeddable":true,"href":"https:\/\/associata-ev.de\/verein\/wp-json\/wp\/v2\/users\/1"}],"replies":[{"embeddable":true,"href":"https:\/\/associata-ev.de\/verein\/wp-json\/wp\/v2\/comments?post=346"}],"version-history":[{"count":9,"href":"https:\/\/associata-ev.de\/verein\/wp-json\/wp\/v2\/pages\/346\/revisions"}],"predecessor-version":[{"id":1564,"href":"https:\/\/associata-ev.de\/verein\/wp-json\/wp\/v2\/pages\/346\/revisions\/1564"}],"wp:attachment":[{"href":"https:\/\/associata-ev.de\/verein\/wp-json\/wp\/v2\/media?parent=346"}],"curies":[{"name":"wp","href":"https:\/\/api.w.org\/{rel}","templated":true}]}}