{"id":354,"date":"2023-03-11T20:29:34","date_gmt":"2023-03-11T19:29:34","guid":{"rendered":"https:\/\/associata-ev.de\/?page_id=354"},"modified":"2023-09-15T09:40:37","modified_gmt":"2023-09-15T07:40:37","slug":"deine-spende-hilft","status":"publish","type":"page","link":"https:\/\/associata-ev.de\/verein\/deine-spende-hilft\/","title":{"rendered":"Deine Spende hilft"},"content":{"rendered":"<p><strong>Wir bedanken uns herzlich bei allen bisherigen Spendern.<\/strong><br \/>Wir setzen uns als soziale Initiative umfassend f\u00fcr gelebte Inklusion ein. Unsere Aufgaben im Verein und im Distelhof sind vielf\u00e4ltig. Wir freuen uns \u00fcber engagierte Menschen, die uns dabei helfen. Herzlichen Dank.<\/p>\n<h5>Sachspenden<\/h5>\n<p>Wir freuen uns \u00fcber Sachspenden: In Haus, Hof und im Haus wird vieles gebraucht: Werkzeuge, Maschinen und Material, z.B. Holz und Farben, f\u00fcr viele Renovierungs-Projekte. Kleinm\u00f6bel und Ausstattung f\u00fcr Vereinscaf\u00e9, B\u00fcro und Werkr\u00e4ume. Pflanzen \u2013 Geh\u00f6lze, Stauden und Samen -, Material f\u00fcr Z\u00e4une und Hochbeete. Ger\u00e4tschaften f\u00fcr Garten, Hof und Weide. Rasenm\u00e4her und Sense, \u2026 und ein kleiner Minibagger. Gro\u00dfe Feldsteine und knorrige Baumst\u00e4mme zum Klettern in unserem Au\u00dfengel\u00e4nde. Kommen Sie vorbei oder rufen Sie uns an. Der Distelhof: 038 797 \/ 180 136 (AB). Wir rufen gern zur\u00fcck<\/p>\n<h5>Geldspenden<\/h5>\n<p>Wenn Sie unsere Vereinsarbeit im \u201eDistelhof\u201c unterst\u00fctzen m\u00f6chten, freuen wir uns \u00fcber Ihre Geldspende. Sie hilft uns bei unserer Vereins- und \u00d6ffentlichkeitsarbeit, l\u00e4sst den Inklusionsort weiter wachsen und erm\u00f6glicht die Gestaltung inklusiver Angebote f\u00fcr Menschen mit und ohne Beeintr\u00e4chtigungen jeden Alters. Associata e.V., Sparkasse Mecklenburg-Schwerin, IBAN: DE51 1405 2000 1600 0738 04, BIC. NOLADE21LWL<\/p>\n<h5>Tierpatenschaft<\/h5>\n<p>Tiere geh\u00f6ren zum Distelhof. Sie begleiten all\u2018 unsere inklusiven Angebote f\u00fcr Kinder, Jugendliche und Erwachsene. Auf dem Distelhof leben Katzen, Minischweine, ein Hausschwein, Ziegen, Ponys und Pferde und manchmal auch Besuchshunde. Wir freuen uns \u00fcber jede\/n Tierfreund*in! Kinder, Jugendliche und Erwachsene \u2013 jede\/r kann Pate\/Patin werde! Auch Handel, Handwerk, Dienstleistung und Gewerbe k\u00f6nnen eine Patenschaft \u00fcbernehmen. Tier-Pat*innen schenken Zeit und Aufmerksamkeit oder helfen bei der Tierpflege, beim F\u00fcttern, bei Stall und Weidearbeit oder spenden Geld f\u00fcr Futter, Tierpflege und Tierarzt, gern auch Material und Naturalien wie Heu, Stroh, R\u00fcben, Futter, Holz und Baumaterial. Pat*innen geben Tipps und haben sicher viele Ideen. Rufen Sie uns an 038 797 \/ 180 136 (AB) oder schreiben Sie eine Mail: info@associata-ev.de. Wir melden uns z\u00fcgig bei Ihnen und laden Sie zum Kennenlernen ein.<\/p>\n<h5>Bildungsspender<\/h5>\n<p>Alle Informationen zum Bildungsspender finden Sie <a href=\"https:\/\/associata-ev.de\/wp-content\/uploads\/2023\/08\/einkauf-bildungsspender.pdf\" target=\"_blank\" rel=\"noopener\">hier<\/a><\/p>\n\n\n<div class=\"wp-block-columns is-layout-flex wp-container-core-columns-is-layout-9d6595d7 wp-block-columns-is-layout-flex\">\n<div class=\"wp-block-column is-layout-flow wp-block-column-is-layout-flow\">\n<p><!-- Anfang Bildungsspender --><\/p>\n<p><iframe loading=\"lazy\" src=\"https:\/\/www.bildungsspender.org\/extern\/bs\/spendenstandbanner.php?kt=419406001&amp;url=associata-assistenzhunde\" width=\"200\" height=\"150\" frameborder=\"0\" scrolling=\"no\"> <\/iframe><\/p>\n<p>&#8222;So geht es ganz einfach:<\/p>\n<p><strong>Button &#8222;Ich helfe mit&#8220; anklicken<\/strong>. Dann kommst du direkt zu unserer Seite im Bildungsspender.<\/p>\n<p>\u00dcber &#8222;Mit Einkauf helfen&#8220; w\u00e4hlst du direkt einen shop oder eine Artikel\/eine Produktgruppe, die du einkaufen m\u00f6chtest.&#8220;<\/p>\n<p><a href=\"https:\/\/qrcode.appack.de\/Bildungsspender\" target=\"_blank\" rel=\"noopener\">Hier geht es zur APP vom Bildungsspender<\/a><\/p>\n<p><!-- Ende Bildungsspender --><\/p>\n<\/div>\n<\/div>\n","protected":false},"excerpt":{"rendered":"<p>Wir bedanken uns herzlich bei allen bisherigen Spendern.Wir setzen uns als soziale Initiative umfassend f\u00fcr gelebte Inklusion ein. Unsere Aufgaben im Verein und im Distelhof sind vielf\u00e4ltig. Wir freuen uns \u00fcber engagierte Menschen, die uns dabei helfen. Herzlichen Dank. Sachspenden Wir freuen uns \u00fcber Sachspenden: In Haus, Hof und im Haus wird vieles gebraucht: Werkzeuge, Maschinen und Material, z.B. Holz und Farben, f\u00fcr viele Renovierungs-Projekte. Kleinm\u00f6bel und Ausstattung f\u00fcr Vereinscaf\u00e9, B\u00fcro und Werkr\u00e4ume. Pflanzen \u2013 Geh\u00f6lze, Stauden und Samen -, Material f\u00fcr Z\u00e4une und Hochbeete. Ger\u00e4tschaften f\u00fcr Garten, Hof und Weide. Rasenm\u00e4her und Sense, \u2026 und ein kleiner Minibagger. Gro\u00dfe Feldsteine und knorrige Baumst\u00e4mme zum Klettern in unserem Au\u00dfengel\u00e4nde. Kommen Sie vorbei oder rufen Sie uns an. Der Distelhof: 038 797 \/ 180 136 (AB). Wir rufen gern zur\u00fcck Geldspenden Wenn Sie unsere Vereinsarbeit im \u201eDistelhof\u201c unterst\u00fctzen m\u00f6chten, freuen wir uns \u00fcber Ihre Geldspende. Sie hilft uns bei unserer Vereins- und \u00d6ffentlichkeitsarbeit, l\u00e4sst den Inklusionsort weiter wachsen und erm\u00f6glicht die Gestaltung inklusiver Angebote f\u00fcr Menschen mit und ohne Beeintr\u00e4chtigungen jeden Alters. Associata e.V., Sparkasse Mecklenburg-Schwerin, IBAN: DE51 1405 2000 1600 0738 04, BIC. NOLADE21LWL Tierpatenschaft Tiere geh\u00f6ren zum Distelhof. Sie begleiten all\u2018 unsere inklusiven Angebote f\u00fcr Kinder, Jugendliche und Erwachsene. Auf dem Distelhof leben Katzen, Minischweine, ein Hausschwein, Ziegen, Ponys und Pferde und manchmal auch Besuchshunde. Wir freuen uns \u00fcber jede\/n Tierfreund*in! Kinder, Jugendliche und Erwachsene \u2013 jede\/r kann Pate\/Patin werde! Auch Handel, Handwerk, Dienstleistung und Gewerbe k\u00f6nnen eine Patenschaft \u00fcbernehmen. Tier-Pat*innen schenken Zeit und Aufmerksamkeit oder helfen bei der Tierpflege, beim F\u00fcttern, bei Stall und Weidearbeit oder spenden Geld f\u00fcr Futter, Tierpflege und Tierarzt, gern auch Material und Naturalien wie Heu, Stroh, R\u00fcben, Futter, Holz und Baumaterial. Pat*innen geben Tipps und haben sicher viele Ideen. Rufen Sie uns an 038 797 \/ 180 136 (AB) oder schreiben Sie eine Mail: info@associata-ev.de. Wir melden uns z\u00fcgig bei Ihnen und laden Sie zum Kennenlernen ein. Bildungsspender Alle Informationen zum Bildungsspender finden Sie hier &#8222;So geht es ganz einfach: Button &#8222;Ich helfe mit&#8220; anklicken. Dann kommst du direkt zu unserer Seite im Bildungsspender. \u00dcber &#8222;Mit Einkauf helfen&#8220; w\u00e4hlst du direkt einen shop oder eine Artikel\/eine Produktgruppe, die du einkaufen m\u00f6chtest.&#8220; Hier geht es zur APP vom Bildungsspender<\/p>\n","protected":false},"author":1,"featured_media":0,"parent":0,"menu_order":0,"comment_status":"closed","ping_status":"closed","template":"","meta":{"_acf_changed":false,"footnotes":""},"class_list":["post-354","page","type-page","status-publish","hentry"],"acf":[],"yoast_head":"<!-- This site is optimized with the Yoast SEO plugin v26.9 - https:\/\/yoast.com\/product\/yoast-seo-wordpress\/ -->\n<title>Deine Spende hilft - Associata-e.V.<\/title>\n<meta name=\"description\" content=\"Associata-e.V. Deine Spende hilft\" \/>\n<meta name=\"robots\" content=\"index, follow, max-snippet:-1, max-image-preview:large, max-video-preview:-1\" \/>\n<link rel=\"canonical\" href=\"https:\/\/associata-ev.de\/verein\/deine-spende-hilft\/\" \/>\n<meta property=\"og:locale\" content=\"de_DE\" \/>\n<meta property=\"og:type\" content=\"article\" \/>\n<meta property=\"og:title\" content=\"Deine Spende hilft - Associata-e.V.\" \/>\n<meta property=\"og:description\" content=\"Associata-e.V. Deine Spende hilft\" \/>\n<meta property=\"og:url\" content=\"https:\/\/associata-ev.de\/verein\/deine-spende-hilft\/\" \/>\n<meta property=\"og:site_name\" content=\"Associata-e.V.\" \/>\n<meta property=\"article:modified_time\" content=\"2023-09-15T07:40:37+00:00\" \/>\n<meta name=\"twitter:card\" content=\"summary_large_image\" \/>\n<meta name=\"twitter:label1\" content=\"Gesch\u00e4tzte Lesezeit\" \/>\n\t<meta name=\"twitter:data1\" content=\"3\u00a0Minuten\" \/>\n<script type=\"application\/ld+json\" class=\"yoast-schema-graph\">{\"@context\":\"https:\/\/schema.org\",\"@graph\":[{\"@type\":[\"Article\",\"BlogPosting\"],\"@id\":\"https:\/\/associata-ev.de\/verein\/deine-spende-hilft\/#article\",\"isPartOf\":{\"@id\":\"https:\/\/associata-ev.de\/verein\/deine-spende-hilft\/\"},\"author\":{\"name\":\"ReneKnopp\",\"@id\":\"https:\/\/associata-ev.de\/verein\/#\/schema\/person\/e73782c4f0cecc6663b33b456118525f\"},\"headline\":\"Deine Spende hilft\",\"datePublished\":\"2023-03-11T19:29:34+00:00\",\"dateModified\":\"2023-09-15T07:40:37+00:00\",\"mainEntityOfPage\":{\"@id\":\"https:\/\/associata-ev.de\/verein\/deine-spende-hilft\/\"},\"wordCount\":396,\"publisher\":{\"@id\":\"https:\/\/associata-ev.de\/verein\/#organization\"},\"inLanguage\":\"de\"},{\"@type\":\"WebPage\",\"@id\":\"https:\/\/associata-ev.de\/verein\/deine-spende-hilft\/\",\"url\":\"https:\/\/associata-ev.de\/verein\/deine-spende-hilft\/\",\"name\":\"Deine Spende hilft - Associata-e.V.\",\"isPartOf\":{\"@id\":\"https:\/\/associata-ev.de\/verein\/#website\"},\"datePublished\":\"2023-03-11T19:29:34+00:00\",\"dateModified\":\"2023-09-15T07:40:37+00:00\",\"description\":\"Associata-e.V. Deine Spende hilft\",\"breadcrumb\":{\"@id\":\"https:\/\/associata-ev.de\/verein\/deine-spende-hilft\/#breadcrumb\"},\"inLanguage\":\"de\",\"potentialAction\":[{\"@type\":\"ReadAction\",\"target\":[\"https:\/\/associata-ev.de\/verein\/deine-spende-hilft\/\"]}]},{\"@type\":\"BreadcrumbList\",\"@id\":\"https:\/\/associata-ev.de\/verein\/deine-spende-hilft\/#breadcrumb\",\"itemListElement\":[{\"@type\":\"ListItem\",\"position\":1,\"name\":\"Verein\",\"item\":\"https:\/\/associata-ev.de\/verein\/\"},{\"@type\":\"ListItem\",\"position\":2,\"name\":\"Deine Spende hilft\"}]},{\"@type\":\"WebSite\",\"@id\":\"https:\/\/associata-ev.de\/verein\/#website\",\"url\":\"https:\/\/associata-ev.de\/verein\/\",\"name\":\"Associata-e.V.\",\"description\":\"\",\"publisher\":{\"@id\":\"https:\/\/associata-ev.de\/verein\/#organization\"},\"potentialAction\":[{\"@type\":\"SearchAction\",\"target\":{\"@type\":\"EntryPoint\",\"urlTemplate\":\"https:\/\/associata-ev.de\/verein\/?s={search_term_string}\"},\"query-input\":{\"@type\":\"PropertyValueSpecification\",\"valueRequired\":true,\"valueName\":\"search_term_string\"}}],\"inLanguage\":\"de\"},{\"@type\":\"Organization\",\"@id\":\"https:\/\/associata-ev.de\/verein\/#organization\",\"name\":\"Associata e.V.\",\"url\":\"https:\/\/associata-ev.de\/verein\/\",\"logo\":{\"@type\":\"ImageObject\",\"inLanguage\":\"de\",\"@id\":\"https:\/\/associata-ev.de\/verein\/#\/schema\/logo\/image\/\",\"url\":\"https:\/\/associata-ev.de\/wp-content\/uploads\/2023\/03\/IMG-20230312-WA0021-2.png\",\"contentUrl\":\"https:\/\/associata-ev.de\/wp-content\/uploads\/2023\/03\/IMG-20230312-WA0021-2.png\",\"width\":1200,\"height\":297,\"caption\":\"Associata e.V.\"},\"image\":{\"@id\":\"https:\/\/associata-ev.de\/verein\/#\/schema\/logo\/image\/\"}},{\"@type\":\"Person\",\"@id\":\"https:\/\/associata-ev.de\/verein\/#\/schema\/person\/e73782c4f0cecc6663b33b456118525f\",\"name\":\"ReneKnopp\",\"image\":{\"@type\":\"ImageObject\",\"inLanguage\":\"de\",\"@id\":\"https:\/\/associata-ev.de\/verein\/#\/schema\/person\/image\/\",\"url\":\"https:\/\/secure.gravatar.com\/avatar\/79a2e70279472c96f215f3e85d1f1152ef5abd1cbb4778b50af4e74cf37c6ea1?s=96&d=mm&r=g\",\"contentUrl\":\"https:\/\/secure.gravatar.com\/avatar\/79a2e70279472c96f215f3e85d1f1152ef5abd1cbb4778b50af4e74cf37c6ea1?s=96&d=mm&r=g\",\"caption\":\"ReneKnopp\"},\"sameAs\":[\"https:\/\/associata-ev.de\"],\"url\":\"https:\/\/associata-ev.de\/verein\/author\/reneknopp\/\"}]}<\/script>\n<!-- \/ Yoast SEO plugin. -->","yoast_head_json":{"title":"Deine Spende hilft - Associata-e.V.","description":"Associata-e.V. Deine Spende hilft","robots":{"index":"index","follow":"follow","max-snippet":"max-snippet:-1","max-image-preview":"max-image-preview:large","max-video-preview":"max-video-preview:-1"},"canonical":"https:\/\/associata-ev.de\/verein\/deine-spende-hilft\/","og_locale":"de_DE","og_type":"article","og_title":"Deine Spende hilft - Associata-e.V.","og_description":"Associata-e.V. Deine Spende hilft","og_url":"https:\/\/associata-ev.de\/verein\/deine-spende-hilft\/","og_site_name":"Associata-e.V.","article_modified_time":"2023-09-15T07:40:37+00:00","twitter_card":"summary_large_image","twitter_misc":{"Gesch\u00e4tzte Lesezeit":"3\u00a0Minuten"},"schema":{"@context":"https:\/\/schema.org","@graph":[{"@type":["Article","BlogPosting"],"@id":"https:\/\/associata-ev.de\/verein\/deine-spende-hilft\/#article","isPartOf":{"@id":"https:\/\/associata-ev.de\/verein\/deine-spende-hilft\/"},"author":{"name":"ReneKnopp","@id":"https:\/\/associata-ev.de\/verein\/#\/schema\/person\/e73782c4f0cecc6663b33b456118525f"},"headline":"Deine Spende hilft","datePublished":"2023-03-11T19:29:34+00:00","dateModified":"2023-09-15T07:40:37+00:00","mainEntityOfPage":{"@id":"https:\/\/associata-ev.de\/verein\/deine-spende-hilft\/"},"wordCount":396,"publisher":{"@id":"https:\/\/associata-ev.de\/verein\/#organization"},"inLanguage":"de"},{"@type":"WebPage","@id":"https:\/\/associata-ev.de\/verein\/deine-spende-hilft\/","url":"https:\/\/associata-ev.de\/verein\/deine-spende-hilft\/","name":"Deine Spende hilft - Associata-e.V.","isPartOf":{"@id":"https:\/\/associata-ev.de\/verein\/#website"},"datePublished":"2023-03-11T19:29:34+00:00","dateModified":"2023-09-15T07:40:37+00:00","description":"Associata-e.V. Deine Spende hilft","breadcrumb":{"@id":"https:\/\/associata-ev.de\/verein\/deine-spende-hilft\/#breadcrumb"},"inLanguage":"de","potentialAction":[{"@type":"ReadAction","target":["https:\/\/associata-ev.de\/verein\/deine-spende-hilft\/"]}]},{"@type":"BreadcrumbList","@id":"https:\/\/associata-ev.de\/verein\/deine-spende-hilft\/#breadcrumb","itemListElement":[{"@type":"ListItem","position":1,"name":"Verein","item":"https:\/\/associata-ev.de\/verein\/"},{"@type":"ListItem","position":2,"name":"Deine Spende hilft"}]},{"@type":"WebSite","@id":"https:\/\/associata-ev.de\/verein\/#website","url":"https:\/\/associata-ev.de\/verein\/","name":"Associata-e.V.","description":"","publisher":{"@id":"https:\/\/associata-ev.de\/verein\/#organization"},"potentialAction":[{"@type":"SearchAction","target":{"@type":"EntryPoint","urlTemplate":"https:\/\/associata-ev.de\/verein\/?s={search_term_string}"},"query-input":{"@type":"PropertyValueSpecification","valueRequired":true,"valueName":"search_term_string"}}],"inLanguage":"de"},{"@type":"Organization","@id":"https:\/\/associata-ev.de\/verein\/#organization","name":"Associata e.V.","url":"https:\/\/associata-ev.de\/verein\/","logo":{"@type":"ImageObject","inLanguage":"de","@id":"https:\/\/associata-ev.de\/verein\/#\/schema\/logo\/image\/","url":"https:\/\/associata-ev.de\/wp-content\/uploads\/2023\/03\/IMG-20230312-WA0021-2.png","contentUrl":"https:\/\/associata-ev.de\/wp-content\/uploads\/2023\/03\/IMG-20230312-WA0021-2.png","width":1200,"height":297,"caption":"Associata e.V."},"image":{"@id":"https:\/\/associata-ev.de\/verein\/#\/schema\/logo\/image\/"}},{"@type":"Person","@id":"https:\/\/associata-ev.de\/verein\/#\/schema\/person\/e73782c4f0cecc6663b33b456118525f","name":"ReneKnopp","image":{"@type":"ImageObject","inLanguage":"de","@id":"https:\/\/associata-ev.de\/verein\/#\/schema\/person\/image\/","url":"https:\/\/secure.gravatar.com\/avatar\/79a2e70279472c96f215f3e85d1f1152ef5abd1cbb4778b50af4e74cf37c6ea1?s=96&d=mm&r=g","contentUrl":"https:\/\/secure.gravatar.com\/avatar\/79a2e70279472c96f215f3e85d1f1152ef5abd1cbb4778b50af4e74cf37c6ea1?s=96&d=mm&r=g","caption":"ReneKnopp"},"sameAs":["https:\/\/associata-ev.de"],"url":"https:\/\/associata-ev.de\/verein\/author\/reneknopp\/"}]}},"_links":{"self":[{"href":"https:\/\/associata-ev.de\/verein\/wp-json\/wp\/v2\/pages\/354","targetHints":{"allow":["GET"]}}],"collection":[{"href":"https:\/\/associata-ev.de\/verein\/wp-json\/wp\/v2\/pages"}],"about":[{"href":"https:\/\/associata-ev.de\/verein\/wp-json\/wp\/v2\/types\/page"}],"author":[{"embeddable":true,"href":"https:\/\/associata-ev.de\/verein\/wp-json\/wp\/v2\/users\/1"}],"replies":[{"embeddable":true,"href":"https:\/\/associata-ev.de\/verein\/wp-json\/wp\/v2\/comments?post=354"}],"version-history":[{"count":9,"href":"https:\/\/associata-ev.de\/verein\/wp-json\/wp\/v2\/pages\/354\/revisions"}],"predecessor-version":[{"id":1822,"href":"https:\/\/associata-ev.de\/verein\/wp-json\/wp\/v2\/pages\/354\/revisions\/1822"}],"wp:attachment":[{"href":"https:\/\/associata-ev.de\/verein\/wp-json\/wp\/v2\/media?parent=354"}],"curies":[{"name":"wp","href":"https:\/\/api.w.org\/{rel}","templated":true}]}}