{"id":356,"date":"2023-03-11T20:30:38","date_gmt":"2023-03-11T19:30:38","guid":{"rendered":"https:\/\/associata-ev.de\/?page_id=356"},"modified":"2024-08-04T13:55:29","modified_gmt":"2024-08-04T11:55:29","slug":"distelhof","status":"publish","type":"page","link":"https:\/\/associata-ev.de\/verein\/distelhof\/","title":{"rendered":"Distelhof"},"content":{"rendered":"\n<div class=\"wp-block-columns is-layout-flex wp-container-core-columns-is-layout-9d6595d7 wp-block-columns-is-layout-flex\">\n<div class=\"wp-block-column is-layout-flow wp-block-column-is-layout-flow\"><\/div>\n\n\n\n<div class=\"wp-block-column is-layout-flow wp-block-column-is-layout-flow\"><div class=\"wp-block-image\">\n<figure class=\"aligncenter size-full is-resized\"><img loading=\"lazy\" decoding=\"async\" width=\"200\" height=\"186\" src=\"https:\/\/associata-ev.de\/wp-content\/uploads\/2023\/08\/cropped-distelhof_associata_logo-1000.jpg\" alt=\"\" class=\"wp-image-1704\" style=\"width:155px;height:144px\"\/><\/figure>\n<\/div><\/div>\n\n\n\n<div class=\"wp-block-column is-layout-flow wp-block-column-is-layout-flow\"><\/div>\n<\/div>\n\n\n\n<p><\/p>\n\n\n\n<div class=\"wp-block-columns is-layout-flex wp-container-core-columns-is-layout-9d6595d7 wp-block-columns-is-layout-flex\">\n<div class=\"wp-block-column is-layout-flow wp-block-column-is-layout-flow\">\n<p style=\"text-align: justify;\">Der Distelhof in Sargleben ist Vereinssitz und Veranstaltungsort von Associata e.V.<\/p>\n<p style=\"text-align: justify;\">Sargleben ist ein kleines Dorf in der Prignitz und Gemeindeteil von Karst\u00e4dt. Es war im 15. Jhd. erstmalig erw\u00e4hnt. Der Name \u201eSargleben\u201c hat seinen Ursprung im wendischen Wort \u201eSsare-glaba\u201c und bedeutet Distelfeld. Dieser alte Name wurde im Laufe der Jahrhunderte zun\u00e4chst ins Germanische und dann ins Plattdeutsche \u00fcbernommen, bis daraus hochdeutsch der Name \u201eSargleben\u201c wurde.<\/p>\n<p style=\"text-align: justify;\">Wir werden manchmal gefragt: \u201eWarum habt ihr f\u00fcr Euren Vereinssitz und Inklusionsort f\u00fcr Begegnung und Kreativit\u00e4t den Namen Distelhof gew\u00e4hlt?\u201c Zur Distel haben viele Menschen zun\u00e4chst keine Beziehung, bis sie bei n\u00e4herem Betrachten die Sch\u00f6nheit und Vielf\u00e4ltigkeit der Disteln entdecken. Das trifft als Assoziation auch auf die Lebenssituation vieler Menschen mit Beeintr\u00e4chtigungen zu, f\u00fcr die sich der Verein ganz besonders einsetzt. Man muss sich \u201eeinlassen k\u00f6nnen auf das Anderssein\u201c \u2013 Daf\u00fcr steht die Distel. Dann k\u00f6nnen alle Menschen ihre Einmaligkeit entfalten und nach individuellen M\u00f6glichkeiten selbstbestimmt ihr Leben gestalten.<\/p>\n<p style=\"text-align: justify;\">Wir verstehen Inklusion als Weg. Denn erst, wenn Inklusion nicht nur Programm bleibt, sondern unsere selbstverst\u00e4ndliche Haltung wird, leben wir inklusiv. Unter dem Dach des Vereins Associata eV entstehen im Distelhof kooperative Projekte, die eines eint: Inklusion als Ansatz des achtenden Miteinanders und eines sinnhaften Lebens. Mit sozialem Engagement m\u00f6chten wir vielf\u00e4ltig in die Region hineinwirken. Wir wollen mit- und nebeneinander leben, arbeiten und gestalten. Der Distelhof ist ein Inklusionsraum f\u00fcr Begegnung, Erfahrung und Entfaltung, Kreativit\u00e4t, Kunst, Kultur und Bildung. Mittelfristig m\u00f6chten wir auch Arbeitspl\u00e4tze f\u00fcr Menschen mit unterschiedlichen Arbeitsbef\u00e4higungen schaffen und Menschen suchen, die uns dabei helfen. Der Distelhof ist im Werden und wir sind offen f\u00fcr und gespannt auf Menschen, die sich mit ihren eigenen Ideen einbringen m\u00f6chten. Sprechen Sie mit uns \u00fcber Ihre Konzepte und Visionen. Schon jetzt gibt es im Distelhof regelm\u00e4\u00dfige Angebote des Vereins und Aktivit\u00e4ten des Kleinunternehmens \u201ePferd &amp; Mensch Distelhof\u201c.<\/p>\n<p><a href=\"https:\/\/inklusionsort-distelhof.de\/\" target=\"_blank\" rel=\"noopener\">Zur Distelhof seite<\/a><\/p>\n<\/div>\n<\/div>\n","protected":false},"excerpt":{"rendered":"<p>Der Distelhof in Sargleben ist Vereinssitz und Veranstaltungsort von Associata e.V. Sargleben ist ein kleines Dorf in der Prignitz und Gemeindeteil von Karst\u00e4dt. Es war im 15. Jhd. erstmalig erw\u00e4hnt. Der Name \u201eSargleben\u201c hat seinen Ursprung im wendischen Wort \u201eSsare-glaba\u201c und bedeutet Distelfeld. Dieser alte Name wurde im Laufe der Jahrhunderte zun\u00e4chst ins Germanische und dann ins Plattdeutsche \u00fcbernommen, bis daraus hochdeutsch der Name \u201eSargleben\u201c wurde. Wir werden manchmal gefragt: \u201eWarum habt ihr f\u00fcr Euren Vereinssitz und Inklusionsort f\u00fcr Begegnung und Kreativit\u00e4t den Namen Distelhof gew\u00e4hlt?\u201c Zur Distel haben viele Menschen zun\u00e4chst keine Beziehung, bis sie bei n\u00e4herem Betrachten die Sch\u00f6nheit und Vielf\u00e4ltigkeit der Disteln entdecken. Das trifft als Assoziation auch auf die Lebenssituation vieler Menschen mit Beeintr\u00e4chtigungen zu, f\u00fcr die sich der Verein ganz besonders einsetzt. Man muss sich \u201eeinlassen k\u00f6nnen auf das Anderssein\u201c \u2013 Daf\u00fcr steht die Distel. Dann k\u00f6nnen alle Menschen ihre Einmaligkeit entfalten und nach individuellen M\u00f6glichkeiten selbstbestimmt ihr Leben gestalten. Wir verstehen Inklusion als Weg. Denn erst, wenn Inklusion nicht nur Programm bleibt, sondern unsere selbstverst\u00e4ndliche Haltung wird, leben wir inklusiv. Unter dem Dach des Vereins Associata eV entstehen im Distelhof kooperative Projekte, die eines eint: Inklusion als Ansatz des achtenden Miteinanders und eines sinnhaften Lebens. Mit sozialem Engagement m\u00f6chten wir vielf\u00e4ltig in die Region hineinwirken. Wir wollen mit- und nebeneinander leben, arbeiten und gestalten. Der Distelhof ist ein Inklusionsraum f\u00fcr Begegnung, Erfahrung und Entfaltung, Kreativit\u00e4t, Kunst, Kultur und Bildung. Mittelfristig m\u00f6chten wir auch Arbeitspl\u00e4tze f\u00fcr Menschen mit unterschiedlichen Arbeitsbef\u00e4higungen schaffen und Menschen suchen, die uns dabei helfen. Der Distelhof ist im Werden und wir sind offen f\u00fcr und gespannt auf Menschen, die sich mit ihren eigenen Ideen einbringen m\u00f6chten. Sprechen Sie mit uns \u00fcber Ihre Konzepte und Visionen. Schon jetzt gibt es im Distelhof regelm\u00e4\u00dfige Angebote des Vereins und Aktivit\u00e4ten des Kleinunternehmens \u201ePferd &amp; Mensch Distelhof\u201c. Zur Distelhof seite<\/p>\n","protected":false},"author":1,"featured_media":0,"parent":0,"menu_order":0,"comment_status":"closed","ping_status":"closed","template":"","meta":{"_acf_changed":false,"footnotes":""},"class_list":["post-356","page","type-page","status-publish","hentry"],"acf":[],"yoast_head":"<!-- This site is optimized with the Yoast SEO plugin v26.9 - https:\/\/yoast.com\/product\/yoast-seo-wordpress\/ -->\n<title>Distelhof - Associata-e.V.<\/title>\n<meta name=\"description\" content=\"Associata-e.V. Distelhof\" \/>\n<meta name=\"robots\" content=\"index, follow, max-snippet:-1, max-image-preview:large, max-video-preview:-1\" \/>\n<link rel=\"canonical\" href=\"https:\/\/associata-ev.de\/verein\/distelhof\/\" \/>\n<meta property=\"og:locale\" content=\"de_DE\" \/>\n<meta property=\"og:type\" content=\"article\" \/>\n<meta property=\"og:title\" content=\"Distelhof - Associata-e.V.\" \/>\n<meta property=\"og:description\" content=\"Associata-e.V. Distelhof\" \/>\n<meta property=\"og:url\" content=\"https:\/\/associata-ev.de\/verein\/distelhof\/\" \/>\n<meta property=\"og:site_name\" content=\"Associata-e.V.\" \/>\n<meta property=\"article:modified_time\" content=\"2024-08-04T11:55:29+00:00\" \/>\n<meta property=\"og:image\" content=\"https:\/\/associata-ev.de\/wp-content\/uploads\/2023\/08\/cropped-distelhof_associata_logo-1000.jpg\" \/>\n<meta name=\"twitter:card\" content=\"summary_large_image\" \/>\n<meta name=\"twitter:label1\" content=\"Gesch\u00e4tzte Lesezeit\" \/>\n\t<meta name=\"twitter:data1\" content=\"2\u00a0Minuten\" \/>\n<script type=\"application\/ld+json\" class=\"yoast-schema-graph\">{\"@context\":\"https:\/\/schema.org\",\"@graph\":[{\"@type\":[\"Article\",\"BlogPosting\"],\"@id\":\"https:\/\/associata-ev.de\/verein\/distelhof\/#article\",\"isPartOf\":{\"@id\":\"https:\/\/associata-ev.de\/verein\/distelhof\/\"},\"author\":{\"name\":\"ReneKnopp\",\"@id\":\"https:\/\/associata-ev.de\/verein\/#\/schema\/person\/e73782c4f0cecc6663b33b456118525f\"},\"headline\":\"Distelhof\",\"datePublished\":\"2023-03-11T19:30:38+00:00\",\"dateModified\":\"2024-08-04T11:55:29+00:00\",\"mainEntityOfPage\":{\"@id\":\"https:\/\/associata-ev.de\/verein\/distelhof\/\"},\"wordCount\":335,\"publisher\":{\"@id\":\"https:\/\/associata-ev.de\/verein\/#organization\"},\"image\":{\"@id\":\"https:\/\/associata-ev.de\/verein\/distelhof\/#primaryimage\"},\"thumbnailUrl\":\"https:\/\/associata-ev.de\/wp-content\/uploads\/2023\/08\/cropped-distelhof_associata_logo-1000.jpg\",\"inLanguage\":\"de\"},{\"@type\":\"WebPage\",\"@id\":\"https:\/\/associata-ev.de\/verein\/distelhof\/\",\"url\":\"https:\/\/associata-ev.de\/verein\/distelhof\/\",\"name\":\"Distelhof - Associata-e.V.\",\"isPartOf\":{\"@id\":\"https:\/\/associata-ev.de\/verein\/#website\"},\"primaryImageOfPage\":{\"@id\":\"https:\/\/associata-ev.de\/verein\/distelhof\/#primaryimage\"},\"image\":{\"@id\":\"https:\/\/associata-ev.de\/verein\/distelhof\/#primaryimage\"},\"thumbnailUrl\":\"https:\/\/associata-ev.de\/wp-content\/uploads\/2023\/08\/cropped-distelhof_associata_logo-1000.jpg\",\"datePublished\":\"2023-03-11T19:30:38+00:00\",\"dateModified\":\"2024-08-04T11:55:29+00:00\",\"description\":\"Associata-e.V. Distelhof\",\"breadcrumb\":{\"@id\":\"https:\/\/associata-ev.de\/verein\/distelhof\/#breadcrumb\"},\"inLanguage\":\"de\",\"potentialAction\":[{\"@type\":\"ReadAction\",\"target\":[\"https:\/\/associata-ev.de\/verein\/distelhof\/\"]}]},{\"@type\":\"ImageObject\",\"inLanguage\":\"de\",\"@id\":\"https:\/\/associata-ev.de\/verein\/distelhof\/#primaryimage\",\"url\":\"https:\/\/associata-ev.de\/wp-content\/uploads\/2023\/08\/cropped-distelhof_associata_logo-1000.jpg\",\"contentUrl\":\"https:\/\/associata-ev.de\/wp-content\/uploads\/2023\/08\/cropped-distelhof_associata_logo-1000.jpg\"},{\"@type\":\"BreadcrumbList\",\"@id\":\"https:\/\/associata-ev.de\/verein\/distelhof\/#breadcrumb\",\"itemListElement\":[{\"@type\":\"ListItem\",\"position\":1,\"name\":\"Verein\",\"item\":\"https:\/\/associata-ev.de\/verein\/\"},{\"@type\":\"ListItem\",\"position\":2,\"name\":\"Distelhof\"}]},{\"@type\":\"WebSite\",\"@id\":\"https:\/\/associata-ev.de\/verein\/#website\",\"url\":\"https:\/\/associata-ev.de\/verein\/\",\"name\":\"Associata-e.V.\",\"description\":\"\",\"publisher\":{\"@id\":\"https:\/\/associata-ev.de\/verein\/#organization\"},\"potentialAction\":[{\"@type\":\"SearchAction\",\"target\":{\"@type\":\"EntryPoint\",\"urlTemplate\":\"https:\/\/associata-ev.de\/verein\/?s={search_term_string}\"},\"query-input\":{\"@type\":\"PropertyValueSpecification\",\"valueRequired\":true,\"valueName\":\"search_term_string\"}}],\"inLanguage\":\"de\"},{\"@type\":\"Organization\",\"@id\":\"https:\/\/associata-ev.de\/verein\/#organization\",\"name\":\"Associata e.V.\",\"url\":\"https:\/\/associata-ev.de\/verein\/\",\"logo\":{\"@type\":\"ImageObject\",\"inLanguage\":\"de\",\"@id\":\"https:\/\/associata-ev.de\/verein\/#\/schema\/logo\/image\/\",\"url\":\"https:\/\/associata-ev.de\/wp-content\/uploads\/2023\/03\/IMG-20230312-WA0021-2.png\",\"contentUrl\":\"https:\/\/associata-ev.de\/wp-content\/uploads\/2023\/03\/IMG-20230312-WA0021-2.png\",\"width\":1200,\"height\":297,\"caption\":\"Associata e.V.\"},\"image\":{\"@id\":\"https:\/\/associata-ev.de\/verein\/#\/schema\/logo\/image\/\"}},{\"@type\":\"Person\",\"@id\":\"https:\/\/associata-ev.de\/verein\/#\/schema\/person\/e73782c4f0cecc6663b33b456118525f\",\"name\":\"ReneKnopp\",\"image\":{\"@type\":\"ImageObject\",\"inLanguage\":\"de\",\"@id\":\"https:\/\/associata-ev.de\/verein\/#\/schema\/person\/image\/\",\"url\":\"https:\/\/secure.gravatar.com\/avatar\/79a2e70279472c96f215f3e85d1f1152ef5abd1cbb4778b50af4e74cf37c6ea1?s=96&d=mm&r=g\",\"contentUrl\":\"https:\/\/secure.gravatar.com\/avatar\/79a2e70279472c96f215f3e85d1f1152ef5abd1cbb4778b50af4e74cf37c6ea1?s=96&d=mm&r=g\",\"caption\":\"ReneKnopp\"},\"sameAs\":[\"https:\/\/associata-ev.de\"],\"url\":\"https:\/\/associata-ev.de\/verein\/author\/reneknopp\/\"}]}<\/script>\n<!-- \/ Yoast SEO plugin. -->","yoast_head_json":{"title":"Distelhof - Associata-e.V.","description":"Associata-e.V. Distelhof","robots":{"index":"index","follow":"follow","max-snippet":"max-snippet:-1","max-image-preview":"max-image-preview:large","max-video-preview":"max-video-preview:-1"},"canonical":"https:\/\/associata-ev.de\/verein\/distelhof\/","og_locale":"de_DE","og_type":"article","og_title":"Distelhof - Associata-e.V.","og_description":"Associata-e.V. Distelhof","og_url":"https:\/\/associata-ev.de\/verein\/distelhof\/","og_site_name":"Associata-e.V.","article_modified_time":"2024-08-04T11:55:29+00:00","og_image":[{"url":"https:\/\/associata-ev.de\/wp-content\/uploads\/2023\/08\/cropped-distelhof_associata_logo-1000.jpg","type":"","width":"","height":""}],"twitter_card":"summary_large_image","twitter_misc":{"Gesch\u00e4tzte Lesezeit":"2\u00a0Minuten"},"schema":{"@context":"https:\/\/schema.org","@graph":[{"@type":["Article","BlogPosting"],"@id":"https:\/\/associata-ev.de\/verein\/distelhof\/#article","isPartOf":{"@id":"https:\/\/associata-ev.de\/verein\/distelhof\/"},"author":{"name":"ReneKnopp","@id":"https:\/\/associata-ev.de\/verein\/#\/schema\/person\/e73782c4f0cecc6663b33b456118525f"},"headline":"Distelhof","datePublished":"2023-03-11T19:30:38+00:00","dateModified":"2024-08-04T11:55:29+00:00","mainEntityOfPage":{"@id":"https:\/\/associata-ev.de\/verein\/distelhof\/"},"wordCount":335,"publisher":{"@id":"https:\/\/associata-ev.de\/verein\/#organization"},"image":{"@id":"https:\/\/associata-ev.de\/verein\/distelhof\/#primaryimage"},"thumbnailUrl":"https:\/\/associata-ev.de\/wp-content\/uploads\/2023\/08\/cropped-distelhof_associata_logo-1000.jpg","inLanguage":"de"},{"@type":"WebPage","@id":"https:\/\/associata-ev.de\/verein\/distelhof\/","url":"https:\/\/associata-ev.de\/verein\/distelhof\/","name":"Distelhof - Associata-e.V.","isPartOf":{"@id":"https:\/\/associata-ev.de\/verein\/#website"},"primaryImageOfPage":{"@id":"https:\/\/associata-ev.de\/verein\/distelhof\/#primaryimage"},"image":{"@id":"https:\/\/associata-ev.de\/verein\/distelhof\/#primaryimage"},"thumbnailUrl":"https:\/\/associata-ev.de\/wp-content\/uploads\/2023\/08\/cropped-distelhof_associata_logo-1000.jpg","datePublished":"2023-03-11T19:30:38+00:00","dateModified":"2024-08-04T11:55:29+00:00","description":"Associata-e.V. Distelhof","breadcrumb":{"@id":"https:\/\/associata-ev.de\/verein\/distelhof\/#breadcrumb"},"inLanguage":"de","potentialAction":[{"@type":"ReadAction","target":["https:\/\/associata-ev.de\/verein\/distelhof\/"]}]},{"@type":"ImageObject","inLanguage":"de","@id":"https:\/\/associata-ev.de\/verein\/distelhof\/#primaryimage","url":"https:\/\/associata-ev.de\/wp-content\/uploads\/2023\/08\/cropped-distelhof_associata_logo-1000.jpg","contentUrl":"https:\/\/associata-ev.de\/wp-content\/uploads\/2023\/08\/cropped-distelhof_associata_logo-1000.jpg"},{"@type":"BreadcrumbList","@id":"https:\/\/associata-ev.de\/verein\/distelhof\/#breadcrumb","itemListElement":[{"@type":"ListItem","position":1,"name":"Verein","item":"https:\/\/associata-ev.de\/verein\/"},{"@type":"ListItem","position":2,"name":"Distelhof"}]},{"@type":"WebSite","@id":"https:\/\/associata-ev.de\/verein\/#website","url":"https:\/\/associata-ev.de\/verein\/","name":"Associata-e.V.","description":"","publisher":{"@id":"https:\/\/associata-ev.de\/verein\/#organization"},"potentialAction":[{"@type":"SearchAction","target":{"@type":"EntryPoint","urlTemplate":"https:\/\/associata-ev.de\/verein\/?s={search_term_string}"},"query-input":{"@type":"PropertyValueSpecification","valueRequired":true,"valueName":"search_term_string"}}],"inLanguage":"de"},{"@type":"Organization","@id":"https:\/\/associata-ev.de\/verein\/#organization","name":"Associata e.V.","url":"https:\/\/associata-ev.de\/verein\/","logo":{"@type":"ImageObject","inLanguage":"de","@id":"https:\/\/associata-ev.de\/verein\/#\/schema\/logo\/image\/","url":"https:\/\/associata-ev.de\/wp-content\/uploads\/2023\/03\/IMG-20230312-WA0021-2.png","contentUrl":"https:\/\/associata-ev.de\/wp-content\/uploads\/2023\/03\/IMG-20230312-WA0021-2.png","width":1200,"height":297,"caption":"Associata e.V."},"image":{"@id":"https:\/\/associata-ev.de\/verein\/#\/schema\/logo\/image\/"}},{"@type":"Person","@id":"https:\/\/associata-ev.de\/verein\/#\/schema\/person\/e73782c4f0cecc6663b33b456118525f","name":"ReneKnopp","image":{"@type":"ImageObject","inLanguage":"de","@id":"https:\/\/associata-ev.de\/verein\/#\/schema\/person\/image\/","url":"https:\/\/secure.gravatar.com\/avatar\/79a2e70279472c96f215f3e85d1f1152ef5abd1cbb4778b50af4e74cf37c6ea1?s=96&d=mm&r=g","contentUrl":"https:\/\/secure.gravatar.com\/avatar\/79a2e70279472c96f215f3e85d1f1152ef5abd1cbb4778b50af4e74cf37c6ea1?s=96&d=mm&r=g","caption":"ReneKnopp"},"sameAs":["https:\/\/associata-ev.de"],"url":"https:\/\/associata-ev.de\/verein\/author\/reneknopp\/"}]}},"_links":{"self":[{"href":"https:\/\/associata-ev.de\/verein\/wp-json\/wp\/v2\/pages\/356","targetHints":{"allow":["GET"]}}],"collection":[{"href":"https:\/\/associata-ev.de\/verein\/wp-json\/wp\/v2\/pages"}],"about":[{"href":"https:\/\/associata-ev.de\/verein\/wp-json\/wp\/v2\/types\/page"}],"author":[{"embeddable":true,"href":"https:\/\/associata-ev.de\/verein\/wp-json\/wp\/v2\/users\/1"}],"replies":[{"embeddable":true,"href":"https:\/\/associata-ev.de\/verein\/wp-json\/wp\/v2\/comments?post=356"}],"version-history":[{"count":5,"href":"https:\/\/associata-ev.de\/verein\/wp-json\/wp\/v2\/pages\/356\/revisions"}],"predecessor-version":[{"id":2194,"href":"https:\/\/associata-ev.de\/verein\/wp-json\/wp\/v2\/pages\/356\/revisions\/2194"}],"wp:attachment":[{"href":"https:\/\/associata-ev.de\/verein\/wp-json\/wp\/v2\/media?parent=356"}],"curies":[{"name":"wp","href":"https:\/\/api.w.org\/{rel}","templated":true}]}}