{"id":366,"date":"2023-03-11T20:36:55","date_gmt":"2023-03-11T19:36:55","guid":{"rendered":"https:\/\/associata-ev.de\/?page_id=366"},"modified":"2023-08-12T20:24:29","modified_gmt":"2023-08-12T18:24:29","slug":"foerderer","status":"publish","type":"page","link":"https:\/\/associata-ev.de\/verein\/foerderer\/","title":{"rendered":"F\u00f6rderer"},"content":{"rendered":"<h4>Unterst\u00fctzung<\/h4>\n<p>Wir setzen uns als soziale Initiative umfassend f\u00fcr gelebte Inklusion ein. Unsere Aufgaben im Verein und im Distelhof sind vielf\u00e4ltig. Wir freuen uns \u00fcber engagierte Menschen, die uns dabei helfen. Denn \u2013 viele H\u00e4nde schaffen mehr! Herzlichen Dank.<\/p>\n<h5>Ehrenamt<\/h5>\n<p>Sie k\u00f6nnen organisieren, kennen sich in Verwaltungsdingen aus, haben g\u00e4rtnerisches oder handwerkliches Geschick, sind mit Tieren vertraut? Sie m\u00f6chten sich sozial engagieren? Dann sprechen Sie mit uns. Egal, ob Sie regelm\u00e4\u00dfig ein paar Stunden Zeit haben oder einmalig helfen m\u00f6chten. Ihre Unterst\u00fctzung ist uns willkommen!<\/p>\n<h5>Sachspenden<\/h5>\n<p>Wir freuen uns \u00fcber Sachspenden: In Haus, Hof und im Caf\u00e9 wird vieles gebraucht. Werkzeuge und Material f\u00fcr viele Renovierungs-Projekte, Kleinm\u00f6bel und Ausstattung f\u00fcr Caf\u00e9, B\u00fcro und Werkr\u00e4ume, Pflanzen und Ger\u00e4tschaften f\u00fcr Garten, Hof und Weide. Kommen Sie vorbei oder rufen Sie uns an. Der Distelhof: 038 797 \/ 180 136 AB. Wir rufen gern zur\u00fcck.<\/p>\n<h5>Geldspenden<\/h5>\n<p>Wenn Sie unsere Vereinsarbeit im \u201eDistelhof\u201c unterst\u00fctzen m\u00f6chten, freuen wir uns \u00fcber Ihre Geldspende. Sie l\u00e4sst den Inklusionsort wachsen und gedeihen und hilft uns in der Gestaltung inklusiver Angebote f\u00fcr Menschen mit und ohne Beeintr\u00e4chtigungen jeden Alters.<\/p>\n<p>Wir bedanken uns herzlich bei allen bisherigen Spendern*innen, Unterst\u00fctzer*innen und ehrenamtlichen Helfer*innen.<\/p>\n","protected":false},"excerpt":{"rendered":"<p>Unterst\u00fctzung Wir setzen uns als soziale Initiative umfassend f\u00fcr gelebte Inklusion ein. Unsere Aufgaben im Verein und im Distelhof sind vielf\u00e4ltig. Wir freuen uns \u00fcber engagierte Menschen, die uns dabei helfen. Denn \u2013 viele H\u00e4nde schaffen mehr! Herzlichen Dank. Ehrenamt Sie k\u00f6nnen organisieren, kennen sich in Verwaltungsdingen aus, haben g\u00e4rtnerisches oder handwerkliches Geschick, sind mit Tieren vertraut? Sie m\u00f6chten sich sozial engagieren? Dann sprechen Sie mit uns. Egal, ob Sie regelm\u00e4\u00dfig ein paar Stunden Zeit haben oder einmalig helfen m\u00f6chten. Ihre Unterst\u00fctzung ist uns willkommen! Sachspenden Wir freuen uns \u00fcber Sachspenden: In Haus, Hof und im Caf\u00e9 wird vieles gebraucht. Werkzeuge und Material f\u00fcr viele Renovierungs-Projekte, Kleinm\u00f6bel und Ausstattung f\u00fcr Caf\u00e9, B\u00fcro und Werkr\u00e4ume, Pflanzen und Ger\u00e4tschaften f\u00fcr Garten, Hof und Weide. Kommen Sie vorbei oder rufen Sie uns an. Der Distelhof: 038 797 \/ 180 136 AB. Wir rufen gern zur\u00fcck. Geldspenden Wenn Sie unsere Vereinsarbeit im \u201eDistelhof\u201c unterst\u00fctzen m\u00f6chten, freuen wir uns \u00fcber Ihre Geldspende. Sie l\u00e4sst den Inklusionsort wachsen und gedeihen und hilft uns in der Gestaltung inklusiver Angebote f\u00fcr Menschen mit und ohne Beeintr\u00e4chtigungen jeden Alters. Wir bedanken uns herzlich bei allen bisherigen Spendern*innen, Unterst\u00fctzer*innen und ehrenamtlichen Helfer*innen.<\/p>\n","protected":false},"author":1,"featured_media":0,"parent":0,"menu_order":0,"comment_status":"closed","ping_status":"closed","template":"","meta":{"_acf_changed":false,"footnotes":""},"class_list":["post-366","page","type-page","status-publish","hentry"],"acf":[],"yoast_head":"<!-- This site is optimized with the Yoast SEO plugin v26.9 - https:\/\/yoast.com\/product\/yoast-seo-wordpress\/ -->\n<title>F\u00f6rderer - Associata-e.V.<\/title>\n<meta name=\"description\" content=\"Associata-e.V. F\u00f6rderer\" \/>\n<meta name=\"robots\" content=\"index, follow, max-snippet:-1, max-image-preview:large, max-video-preview:-1\" \/>\n<link rel=\"canonical\" href=\"https:\/\/associata-ev.de\/verein\/foerderer\/\" \/>\n<meta property=\"og:locale\" content=\"de_DE\" \/>\n<meta property=\"og:type\" content=\"article\" \/>\n<meta property=\"og:title\" content=\"F\u00f6rderer - Associata-e.V.\" \/>\n<meta property=\"og:description\" content=\"Associata-e.V. F\u00f6rderer\" \/>\n<meta property=\"og:url\" content=\"https:\/\/associata-ev.de\/verein\/foerderer\/\" \/>\n<meta property=\"og:site_name\" content=\"Associata-e.V.\" \/>\n<meta property=\"article:modified_time\" content=\"2023-08-12T18:24:29+00:00\" \/>\n<meta name=\"twitter:card\" content=\"summary_large_image\" \/>\n<meta name=\"twitter:label1\" content=\"Gesch\u00e4tzte Lesezeit\" \/>\n\t<meta name=\"twitter:data1\" content=\"2\u00a0Minuten\" \/>\n<script type=\"application\/ld+json\" class=\"yoast-schema-graph\">{\"@context\":\"https:\/\/schema.org\",\"@graph\":[{\"@type\":[\"Article\",\"BlogPosting\"],\"@id\":\"https:\/\/associata-ev.de\/verein\/foerderer\/#article\",\"isPartOf\":{\"@id\":\"https:\/\/associata-ev.de\/verein\/foerderer\/\"},\"author\":{\"name\":\"ReneKnopp\",\"@id\":\"https:\/\/associata-ev.de\/verein\/#\/schema\/person\/e73782c4f0cecc6663b33b456118525f\"},\"headline\":\"F\u00f6rderer\",\"datePublished\":\"2023-03-11T19:36:55+00:00\",\"dateModified\":\"2023-08-12T18:24:29+00:00\",\"mainEntityOfPage\":{\"@id\":\"https:\/\/associata-ev.de\/verein\/foerderer\/\"},\"wordCount\":215,\"publisher\":{\"@id\":\"https:\/\/associata-ev.de\/verein\/#organization\"},\"inLanguage\":\"de\"},{\"@type\":\"WebPage\",\"@id\":\"https:\/\/associata-ev.de\/verein\/foerderer\/\",\"url\":\"https:\/\/associata-ev.de\/verein\/foerderer\/\",\"name\":\"F\u00f6rderer - Associata-e.V.\",\"isPartOf\":{\"@id\":\"https:\/\/associata-ev.de\/verein\/#website\"},\"datePublished\":\"2023-03-11T19:36:55+00:00\",\"dateModified\":\"2023-08-12T18:24:29+00:00\",\"description\":\"Associata-e.V. F\u00f6rderer\",\"breadcrumb\":{\"@id\":\"https:\/\/associata-ev.de\/verein\/foerderer\/#breadcrumb\"},\"inLanguage\":\"de\",\"potentialAction\":[{\"@type\":\"ReadAction\",\"target\":[\"https:\/\/associata-ev.de\/verein\/foerderer\/\"]}]},{\"@type\":\"BreadcrumbList\",\"@id\":\"https:\/\/associata-ev.de\/verein\/foerderer\/#breadcrumb\",\"itemListElement\":[{\"@type\":\"ListItem\",\"position\":1,\"name\":\"Verein\",\"item\":\"https:\/\/associata-ev.de\/verein\/\"},{\"@type\":\"ListItem\",\"position\":2,\"name\":\"F\u00f6rderer\"}]},{\"@type\":\"WebSite\",\"@id\":\"https:\/\/associata-ev.de\/verein\/#website\",\"url\":\"https:\/\/associata-ev.de\/verein\/\",\"name\":\"Associata-e.V.\",\"description\":\"\",\"publisher\":{\"@id\":\"https:\/\/associata-ev.de\/verein\/#organization\"},\"potentialAction\":[{\"@type\":\"SearchAction\",\"target\":{\"@type\":\"EntryPoint\",\"urlTemplate\":\"https:\/\/associata-ev.de\/verein\/?s={search_term_string}\"},\"query-input\":{\"@type\":\"PropertyValueSpecification\",\"valueRequired\":true,\"valueName\":\"search_term_string\"}}],\"inLanguage\":\"de\"},{\"@type\":\"Organization\",\"@id\":\"https:\/\/associata-ev.de\/verein\/#organization\",\"name\":\"Associata e.V.\",\"url\":\"https:\/\/associata-ev.de\/verein\/\",\"logo\":{\"@type\":\"ImageObject\",\"inLanguage\":\"de\",\"@id\":\"https:\/\/associata-ev.de\/verein\/#\/schema\/logo\/image\/\",\"url\":\"https:\/\/associata-ev.de\/wp-content\/uploads\/2023\/03\/IMG-20230312-WA0021-2.png\",\"contentUrl\":\"https:\/\/associata-ev.de\/wp-content\/uploads\/2023\/03\/IMG-20230312-WA0021-2.png\",\"width\":1200,\"height\":297,\"caption\":\"Associata e.V.\"},\"image\":{\"@id\":\"https:\/\/associata-ev.de\/verein\/#\/schema\/logo\/image\/\"}},{\"@type\":\"Person\",\"@id\":\"https:\/\/associata-ev.de\/verein\/#\/schema\/person\/e73782c4f0cecc6663b33b456118525f\",\"name\":\"ReneKnopp\",\"image\":{\"@type\":\"ImageObject\",\"inLanguage\":\"de\",\"@id\":\"https:\/\/associata-ev.de\/verein\/#\/schema\/person\/image\/\",\"url\":\"https:\/\/secure.gravatar.com\/avatar\/79a2e70279472c96f215f3e85d1f1152ef5abd1cbb4778b50af4e74cf37c6ea1?s=96&d=mm&r=g\",\"contentUrl\":\"https:\/\/secure.gravatar.com\/avatar\/79a2e70279472c96f215f3e85d1f1152ef5abd1cbb4778b50af4e74cf37c6ea1?s=96&d=mm&r=g\",\"caption\":\"ReneKnopp\"},\"sameAs\":[\"https:\/\/associata-ev.de\"],\"url\":\"https:\/\/associata-ev.de\/verein\/author\/reneknopp\/\"}]}<\/script>\n<!-- \/ Yoast SEO plugin. -->","yoast_head_json":{"title":"F\u00f6rderer - Associata-e.V.","description":"Associata-e.V. F\u00f6rderer","robots":{"index":"index","follow":"follow","max-snippet":"max-snippet:-1","max-image-preview":"max-image-preview:large","max-video-preview":"max-video-preview:-1"},"canonical":"https:\/\/associata-ev.de\/verein\/foerderer\/","og_locale":"de_DE","og_type":"article","og_title":"F\u00f6rderer - Associata-e.V.","og_description":"Associata-e.V. F\u00f6rderer","og_url":"https:\/\/associata-ev.de\/verein\/foerderer\/","og_site_name":"Associata-e.V.","article_modified_time":"2023-08-12T18:24:29+00:00","twitter_card":"summary_large_image","twitter_misc":{"Gesch\u00e4tzte Lesezeit":"2\u00a0Minuten"},"schema":{"@context":"https:\/\/schema.org","@graph":[{"@type":["Article","BlogPosting"],"@id":"https:\/\/associata-ev.de\/verein\/foerderer\/#article","isPartOf":{"@id":"https:\/\/associata-ev.de\/verein\/foerderer\/"},"author":{"name":"ReneKnopp","@id":"https:\/\/associata-ev.de\/verein\/#\/schema\/person\/e73782c4f0cecc6663b33b456118525f"},"headline":"F\u00f6rderer","datePublished":"2023-03-11T19:36:55+00:00","dateModified":"2023-08-12T18:24:29+00:00","mainEntityOfPage":{"@id":"https:\/\/associata-ev.de\/verein\/foerderer\/"},"wordCount":215,"publisher":{"@id":"https:\/\/associata-ev.de\/verein\/#organization"},"inLanguage":"de"},{"@type":"WebPage","@id":"https:\/\/associata-ev.de\/verein\/foerderer\/","url":"https:\/\/associata-ev.de\/verein\/foerderer\/","name":"F\u00f6rderer - Associata-e.V.","isPartOf":{"@id":"https:\/\/associata-ev.de\/verein\/#website"},"datePublished":"2023-03-11T19:36:55+00:00","dateModified":"2023-08-12T18:24:29+00:00","description":"Associata-e.V. F\u00f6rderer","breadcrumb":{"@id":"https:\/\/associata-ev.de\/verein\/foerderer\/#breadcrumb"},"inLanguage":"de","potentialAction":[{"@type":"ReadAction","target":["https:\/\/associata-ev.de\/verein\/foerderer\/"]}]},{"@type":"BreadcrumbList","@id":"https:\/\/associata-ev.de\/verein\/foerderer\/#breadcrumb","itemListElement":[{"@type":"ListItem","position":1,"name":"Verein","item":"https:\/\/associata-ev.de\/verein\/"},{"@type":"ListItem","position":2,"name":"F\u00f6rderer"}]},{"@type":"WebSite","@id":"https:\/\/associata-ev.de\/verein\/#website","url":"https:\/\/associata-ev.de\/verein\/","name":"Associata-e.V.","description":"","publisher":{"@id":"https:\/\/associata-ev.de\/verein\/#organization"},"potentialAction":[{"@type":"SearchAction","target":{"@type":"EntryPoint","urlTemplate":"https:\/\/associata-ev.de\/verein\/?s={search_term_string}"},"query-input":{"@type":"PropertyValueSpecification","valueRequired":true,"valueName":"search_term_string"}}],"inLanguage":"de"},{"@type":"Organization","@id":"https:\/\/associata-ev.de\/verein\/#organization","name":"Associata e.V.","url":"https:\/\/associata-ev.de\/verein\/","logo":{"@type":"ImageObject","inLanguage":"de","@id":"https:\/\/associata-ev.de\/verein\/#\/schema\/logo\/image\/","url":"https:\/\/associata-ev.de\/wp-content\/uploads\/2023\/03\/IMG-20230312-WA0021-2.png","contentUrl":"https:\/\/associata-ev.de\/wp-content\/uploads\/2023\/03\/IMG-20230312-WA0021-2.png","width":1200,"height":297,"caption":"Associata e.V."},"image":{"@id":"https:\/\/associata-ev.de\/verein\/#\/schema\/logo\/image\/"}},{"@type":"Person","@id":"https:\/\/associata-ev.de\/verein\/#\/schema\/person\/e73782c4f0cecc6663b33b456118525f","name":"ReneKnopp","image":{"@type":"ImageObject","inLanguage":"de","@id":"https:\/\/associata-ev.de\/verein\/#\/schema\/person\/image\/","url":"https:\/\/secure.gravatar.com\/avatar\/79a2e70279472c96f215f3e85d1f1152ef5abd1cbb4778b50af4e74cf37c6ea1?s=96&d=mm&r=g","contentUrl":"https:\/\/secure.gravatar.com\/avatar\/79a2e70279472c96f215f3e85d1f1152ef5abd1cbb4778b50af4e74cf37c6ea1?s=96&d=mm&r=g","caption":"ReneKnopp"},"sameAs":["https:\/\/associata-ev.de"],"url":"https:\/\/associata-ev.de\/verein\/author\/reneknopp\/"}]}},"_links":{"self":[{"href":"https:\/\/associata-ev.de\/verein\/wp-json\/wp\/v2\/pages\/366","targetHints":{"allow":["GET"]}}],"collection":[{"href":"https:\/\/associata-ev.de\/verein\/wp-json\/wp\/v2\/pages"}],"about":[{"href":"https:\/\/associata-ev.de\/verein\/wp-json\/wp\/v2\/types\/page"}],"author":[{"embeddable":true,"href":"https:\/\/associata-ev.de\/verein\/wp-json\/wp\/v2\/users\/1"}],"replies":[{"embeddable":true,"href":"https:\/\/associata-ev.de\/verein\/wp-json\/wp\/v2\/comments?post=366"}],"version-history":[{"count":6,"href":"https:\/\/associata-ev.de\/verein\/wp-json\/wp\/v2\/pages\/366\/revisions"}],"predecessor-version":[{"id":1528,"href":"https:\/\/associata-ev.de\/verein\/wp-json\/wp\/v2\/pages\/366\/revisions\/1528"}],"wp:attachment":[{"href":"https:\/\/associata-ev.de\/verein\/wp-json\/wp\/v2\/media?parent=366"}],"curies":[{"name":"wp","href":"https:\/\/api.w.org\/{rel}","templated":true}]}}